{"id":402,"date":"2021-06-08T21:50:59","date_gmt":"2021-06-08T21:50:59","guid":{"rendered":"https:\/\/forohumanitariocolombia.org\/?page_id=402"},"modified":"2021-08-30T18:19:36","modified_gmt":"2021-08-30T18:19:36","slug":"conferencia-internacional-de-donantes-2021","status":"publish","type":"page","link":"https:\/\/forohumanitariocolombia.org\/en\/blog\/conferencia-internacional-de-donantes-2021\/","title":{"rendered":"Conferencia Internacional de Donantes 2021"},"content":{"rendered":"<div data-elementor-type=\"wp-page\" data-elementor-id=\"402\" class=\"elementor elementor-402\">\n\t\t\t\t\t\t<section class=\"elementor-section elementor-top-section elementor-element elementor-element-0fbc6e9 elementor-section-boxed elementor-section-height-default elementor-section-height-default\" data-id=\"0fbc6e9\" data-element_type=\"section\">\n\t\t\t\t\t\t<div class=\"elementor-container elementor-column-gap-default\">\n\t\t\t\t\t<div class=\"elementor-column elementor-col-100 elementor-top-column elementor-element elementor-element-d5794c5\" data-id=\"d5794c5\" data-element_type=\"column\">\n\t\t\t<div class=\"elementor-widget-wrap elementor-element-populated\">\n\t\t\t\t\t\t<div class=\"elementor-element elementor-element-44778d3 elementor-widget elementor-widget-heading\" data-id=\"44778d3\" data-element_type=\"widget\" data-widget_type=\"heading.default\">\n\t\t\t\t<div class=\"elementor-widget-container\">\n\t\t\t<h2 class=\"elementor-heading-title elementor-size-default\">Conferencia Internacional de Donantes - RMRP 2021<\/h2>\t\t<\/div>\n\t\t\t\t<\/div>\n\t\t\t\t\t<\/div>\n\t\t<\/div>\n\t\t\t\t\t<\/div>\n\t\t<\/section>\n\t\t\t\t<section class=\"elementor-section elementor-top-section elementor-element elementor-element-0885081 elementor-section-boxed elementor-section-height-default elementor-section-height-default\" data-id=\"0885081\" data-element_type=\"section\">\n\t\t\t\t\t\t<div class=\"elementor-container elementor-column-gap-default\">\n\t\t\t\t\t<div class=\"elementor-column elementor-col-100 elementor-top-column elementor-element elementor-element-d3ae091\" data-id=\"d3ae091\" data-element_type=\"column\">\n\t\t\t<div class=\"elementor-widget-wrap elementor-element-populated\">\n\t\t\t\t\t\t<div class=\"elementor-element elementor-element-d1539e2 elementor-widget elementor-widget-spacer\" data-id=\"d1539e2\" data-element_type=\"widget\" data-widget_type=\"spacer.default\">\n\t\t\t\t<div class=\"elementor-widget-container\">\n\t\t\t\t\t<div class=\"elementor-spacer\">\n\t\t\t<div class=\"elementor-spacer-inner\"><\/div>\n\t\t<\/div>\n\t\t\t\t<\/div>\n\t\t\t\t<\/div>\n\t\t\t\t\t<\/div>\n\t\t<\/div>\n\t\t\t\t\t<\/div>\n\t\t<\/section>\n\t\t\t\t<section class=\"elementor-section elementor-top-section elementor-element elementor-element-ef193c4 elementor-section-boxed elementor-section-height-default elementor-section-height-default\" data-id=\"ef193c4\" data-element_type=\"section\">\n\t\t\t\t\t\t<div class=\"elementor-container elementor-column-gap-default\">\n\t\t\t\t\t<div class=\"elementor-column elementor-col-100 elementor-top-column elementor-element elementor-element-3ffc259\" data-id=\"3ffc259\" data-element_type=\"column\">\n\t\t\t<div class=\"elementor-widget-wrap elementor-element-populated\">\n\t\t\t\t\t\t<div class=\"elementor-element elementor-element-a27796d elementor-widget elementor-widget-text-editor\" data-id=\"a27796d\" data-element_type=\"widget\" data-widget_type=\"text-editor.default\">\n\t\t\t\t<div class=\"elementor-widget-container\">\n\t\t\t\t\t\t\t<p>El <strong>17 de junio de 2021<\/strong> se llevar\u00e1 a cabo la Conferencia internacional de donantes en solidaridad con refugiados y migrantes provenientes de Venezuela convocada por Canad\u00e1 y la Uni\u00f3n Europea. <a href=\"https:\/\/www.international.gc.ca\/campaign-campagne\/international-donors-internationale-donateurs\/index.aspx?lang=eng\">Click ac\u00e1 para ver la transmisi\u00f3n en Vivo en Ingl\u00e9s o Franc\u00e9s desde las 8:00 a.m hora Bogot\u00e1.\u00a0<\/a><\/p>\t\t\t\t\t\t<\/div>\n\t\t\t\t<\/div>\n\t\t\t\t\t<\/div>\n\t\t<\/div>\n\t\t\t\t\t<\/div>\n\t\t<\/section>\n\t\t\t\t<section class=\"elementor-section elementor-top-section elementor-element elementor-element-39a0b9d elementor-section-boxed elementor-section-height-default elementor-section-height-default\" data-id=\"39a0b9d\" data-element_type=\"section\">\n\t\t\t\t\t\t<div class=\"elementor-container elementor-column-gap-default\">\n\t\t\t\t\t<div class=\"elementor-column elementor-col-100 elementor-top-column elementor-element elementor-element-bc1744c\" data-id=\"bc1744c\" data-element_type=\"column\">\n\t\t\t<div class=\"elementor-widget-wrap elementor-element-populated\">\n\t\t\t\t\t\t<div class=\"elementor-element elementor-element-33fed36 elementor-widget elementor-widget-image\" data-id=\"33fed36\" data-element_type=\"widget\" data-widget_type=\"image.default\">\n\t\t\t\t<div class=\"elementor-widget-container\">\n\t\t\t\t\t\t\t\t\t\t\t\t\t<img fetchpriority=\"high\" decoding=\"async\" width=\"1024\" height=\"312\" src=\"https:\/\/forohumanitariocolombia.org\/wp-content\/uploads\/2021\/06\/international-donors-internationale-donateurs-banner-1024x312.jpg\" class=\"attachment-large size-large wp-image-685\" alt=\"\" srcset=\"https:\/\/forohumanitariocolombia.org\/wp-content\/uploads\/2021\/06\/international-donors-internationale-donateurs-banner-1024x312.jpg 1024w, https:\/\/forohumanitariocolombia.org\/wp-content\/uploads\/2021\/06\/international-donors-internationale-donateurs-banner-300x91.jpg 300w, https:\/\/forohumanitariocolombia.org\/wp-content\/uploads\/2021\/06\/international-donors-internationale-donateurs-banner-768x234.jpg 768w, https:\/\/forohumanitariocolombia.org\/wp-content\/uploads\/2021\/06\/international-donors-internationale-donateurs-banner.jpg 1140w\" sizes=\"(max-width: 1024px) 100vw, 1024px\" \/>\t\t\t\t\t\t\t\t\t\t\t\t\t<\/div>\n\t\t\t\t<\/div>\n\t\t\t\t\t<\/div>\n\t\t<\/div>\n\t\t\t\t\t<\/div>\n\t\t<\/section>\n\t\t\t\t<section class=\"elementor-section elementor-top-section elementor-element elementor-element-a47f1e4 elementor-section-boxed elementor-section-height-default elementor-section-height-default\" data-id=\"a47f1e4\" data-element_type=\"section\">\n\t\t\t\t\t\t<div class=\"elementor-container elementor-column-gap-default\">\n\t\t\t\t\t<div class=\"elementor-column elementor-col-100 elementor-top-column elementor-element elementor-element-530b24f\" data-id=\"530b24f\" data-element_type=\"column\">\n\t\t\t<div class=\"elementor-widget-wrap elementor-element-populated\">\n\t\t\t\t\t\t<div class=\"elementor-element elementor-element-140fe5c elementor-widget elementor-widget-text-editor\" data-id=\"140fe5c\" data-element_type=\"widget\" data-widget_type=\"text-editor.default\">\n\t\t\t\t<div class=\"elementor-widget-container\">\n\t\t\t\t\t\t\t<p>A continuaci\u00f3n se presenta la informaci\u00f3n de los eventos previos que se desarrollar\u00e1n en el marco de la Conferencia internacional de Donantes en solidaridad con migrantes y refugiados en 2021.<\/p>\t\t\t\t\t\t<\/div>\n\t\t\t\t<\/div>\n\t\t\t\t\t<\/div>\n\t\t<\/div>\n\t\t\t\t\t<\/div>\n\t\t<\/section>\n\t\t\t\t<section class=\"elementor-section elementor-top-section elementor-element elementor-element-7b4bbe7 elementor-section-boxed elementor-section-height-default elementor-section-height-default\" data-id=\"7b4bbe7\" data-element_type=\"section\">\n\t\t\t\t\t\t<div class=\"elementor-container elementor-column-gap-default\">\n\t\t\t\t\t<div class=\"elementor-column elementor-col-100 elementor-top-column elementor-element elementor-element-c4118ad\" data-id=\"c4118ad\" data-element_type=\"column\">\n\t\t\t<div class=\"elementor-widget-wrap elementor-element-populated\">\n\t\t\t\t\t\t<div class=\"elementor-element elementor-element-703dfb9 elementor-widget elementor-widget-spacer\" data-id=\"703dfb9\" data-element_type=\"widget\" data-widget_type=\"spacer.default\">\n\t\t\t\t<div class=\"elementor-widget-container\">\n\t\t\t\t\t<div class=\"elementor-spacer\">\n\t\t\t<div class=\"elementor-spacer-inner\"><\/div>\n\t\t<\/div>\n\t\t\t\t<\/div>\n\t\t\t\t<\/div>\n\t\t\t\t<div class=\"elementor-element elementor-element-a5e60e8 elementor-widget elementor-widget-heading\" data-id=\"a5e60e8\" data-element_type=\"widget\" data-widget_type=\"heading.default\">\n\t\t\t\t<div class=\"elementor-widget-container\">\n\t\t\t<h2 class=\"elementor-heading-title elementor-size-default\">El 14 de junio se desarrolla el Encuentro de Alto Nivel con sociedad civil <\/h2>\t\t<\/div>\n\t\t\t\t<\/div>\n\t\t\t\t\t<\/div>\n\t\t<\/div>\n\t\t\t\t\t<\/div>\n\t\t<\/section>\n\t\t\t\t<section class=\"elementor-section elementor-top-section elementor-element elementor-element-dca4cd6 elementor-section-boxed elementor-section-height-default elementor-section-height-default\" data-id=\"dca4cd6\" data-element_type=\"section\">\n\t\t\t\t\t\t<div class=\"elementor-container elementor-column-gap-default\">\n\t\t\t\t\t<div class=\"elementor-column elementor-col-50 elementor-top-column elementor-element elementor-element-dd0edbc\" data-id=\"dd0edbc\" data-element_type=\"column\">\n\t\t\t<div class=\"elementor-widget-wrap elementor-element-populated\">\n\t\t\t\t\t\t<div class=\"elementor-element elementor-element-0acbd6a elementor-widget elementor-widget-text-editor\" data-id=\"0acbd6a\" data-element_type=\"widget\" data-widget_type=\"text-editor.default\">\n\t\t\t\t<div class=\"elementor-widget-container\">\n\t\t\t\t\t\t\t<p>Puede realizar su inscripci\u00f3n previa, al encuentro de alto nivel con sociedad civil, a trav\u00e9s de este <a href=\"https:\/\/scic.ec.europa.eu\/ew\/register\/dgscic\/High_level_Meeting_with_Civil_Society_in_Solidarity_with_Venezue\/e\/lk\/k\/\">enlace<\/a>.<\/p><p>Tambi\u00e9n puede consultar la <a href=\"http:\/\/forohumanitariocolombia.org\/wp-content\/uploads\/2021\/06\/Agenda-ESP-1.pdf\">agenda<\/a> propuesta para la jornada.\u00a0<\/p><p style=\"padding-left: 40px;\"><span style=\"text-decoration: underline;\">Fecha:\u00a0<\/span>14 de Junio, 2021<br \/><span lang=\"EN-GB\"><span style=\"text-decoration: underline;\">Hora:<\/span> 9:00 a.m.\u00a0 (Bogot\u00e1 &#8211; Lima) \/<\/span>10:00 am EST \/ 11:00 am EDT \/ 5:00 pm CET<\/p>\t\t\t\t\t\t<\/div>\n\t\t\t\t<\/div>\n\t\t\t\t\t<\/div>\n\t\t<\/div>\n\t\t\t\t<div class=\"elementor-column elementor-col-50 elementor-top-column elementor-element elementor-element-61a00ec\" data-id=\"61a00ec\" data-element_type=\"column\">\n\t\t\t<div class=\"elementor-widget-wrap elementor-element-populated\">\n\t\t\t\t\t\t<div class=\"elementor-element elementor-element-6553abb elementor-widget elementor-widget-text-editor\" data-id=\"6553abb\" data-element_type=\"widget\" data-widget_type=\"text-editor.default\">\n\t\t\t\t<div class=\"elementor-widget-container\">\n\t\t\t\t\t\t\t<p>Antes de la Conferencia, se desarrollar\u00e1 un\u00a0<strong>Encuentro de Alto Nivel con Sociedad Civil en Solidaridad con refugiados y migrantes el<\/strong>\u00a0<strong>14 de junio<\/strong>. Para participar de esta es necesario inscribirse. En los d\u00edas siguientes en est\u00e1 p\u00e1gina encontrar\u00e1 la informaci\u00f3n sobre los posicionamientos p\u00fablicos del Foro y el enlace a la transmisi\u00f3n en vivo de la conferencia.\u00a0<\/p><p>Todas las sesiones, ser\u00e1n retransmitidas, y las presentaciones publicadas despu\u00e9s del evento. Enlace para transmisi\u00f3n <a href=\"https:\/\/webcast.ec.europa.eu\/high-level-meeting-with-civil-society-in-solidarity-with-venezuelan-refugees-and-migrants\" data-wplink-edit=\"true\">en vivo<\/a>.<\/p>\t\t\t\t\t\t<\/div>\n\t\t\t\t<\/div>\n\t\t\t\t\t<\/div>\n\t\t<\/div>\n\t\t\t\t\t<\/div>\n\t\t<\/section>\n\t\t\t\t<section class=\"elementor-section elementor-top-section elementor-element elementor-element-c08fe66 elementor-section-boxed elementor-section-height-default elementor-section-height-default\" data-id=\"c08fe66\" data-element_type=\"section\">\n\t\t\t\t\t\t<div class=\"elementor-container elementor-column-gap-custom\">\n\t\t\t\t\t<div class=\"elementor-column elementor-col-50 elementor-top-column elementor-element elementor-element-2f6ecee\" data-id=\"2f6ecee\" data-element_type=\"column\">\n\t\t\t<div class=\"elementor-widget-wrap elementor-element-populated\">\n\t\t\t\t\t\t<div class=\"elementor-element elementor-element-8e770cf elementor-drop-cap-yes elementor-drop-cap-view-default elementor-widget elementor-widget-text-editor\" data-id=\"8e770cf\" data-element_type=\"widget\" data-settings=\"{&quot;drop_cap&quot;:&quot;yes&quot;}\" data-widget_type=\"text-editor.default\">\n\t\t\t\t<div class=\"elementor-widget-container\">\n\t\t\t\t\t\t\t<h4 style=\"text-align: center;\"><img decoding=\"async\" class=\"alignnone size-full wp-image-708\" src=\"http:\/\/forohumanitariocolombia.org\/wp-content\/uploads\/2021\/06\/logo_small-1.png\" alt=\"\" width=\"200\" height=\"47\" \/><\/h4><h4 style=\"text-align: center;\"><strong>Foro de organizaciones humanitarias en Colombia<\/strong><br \/><span style=\"text-decoration: underline;\"><strong>Posicionamiento y llamado a la acci\u00f3n<\/strong><\/span><\/h4><h5 style=\"text-align: center;\"><strong>Conferencia internacional de donantes en solidaridad con los refugiados y migrantes venezolanos<\/strong><\/h5><p>Las 28 organizaciones humanitarias de la sociedad civil miembros del Foro de Organizaciones Humanitarias en Colombia, hemos asistido a 1,6 millones de migrantes y refugiados de Venezuela durante 2020.<br \/>.<br \/>Saludamos al gobierno de Canad\u00e1 y a la Uni\u00f3n Europea por su liderazgo y la organizaci\u00f3n de esta Conferencia, al Alto Comisionado de las Naciones Unidas para los Refugiados (ACNUR) , a la Organizaci\u00f3n Internacional para las Migraciones (OIM), a los\/las representantes de los gobiernos de pa\u00edses donantes que contribuyen comprometidamente con esta crisis, a los pa\u00edses receptores de la regi\u00f3n que contin\u00faan demostrando su solidaridad, a las agencias del Sistema de Naciones Unidas, organizaciones de sociedad civil<br \/>locales, nacionales e internacionales y, de manera especial, a la poblaci\u00f3n venezolana migrante y refugiada.<\/p><p><a href=\"http:\/\/forohumanitariocolombia.org\/wp-content\/uploads\/2021\/06\/210614-Posicionamiento-FOHC-Conferencia-donantes-vf.pdf\"><em>Leer el posicionamiento completo<\/em><\/a><\/p><p><a href=\"http:\/\/forohumanitariocolombia.org\/wp-content\/uploads\/2021\/06\/210614-Forum-Humanitarian-Colombia-Public-Statement-Donors-Conference-Venezuela.pdf\"><em>See the Statement in English<\/em><\/a><\/p>\t\t\t\t\t\t<\/div>\n\t\t\t\t<\/div>\n\t\t\t\t\t<\/div>\n\t\t<\/div>\n\t\t\t\t<div class=\"elementor-column elementor-col-50 elementor-top-column elementor-element elementor-element-dba5566\" data-id=\"dba5566\" data-element_type=\"column\">\n\t\t\t<div class=\"elementor-widget-wrap elementor-element-populated\">\n\t\t\t\t\t\t<div class=\"elementor-element elementor-element-4f826c6 elementor-drop-cap-yes elementor-drop-cap-view-default elementor-widget elementor-widget-text-editor\" data-id=\"4f826c6\" data-element_type=\"widget\" data-settings=\"{&quot;drop_cap&quot;:&quot;yes&quot;}\" data-widget_type=\"text-editor.default\">\n\t\t\t\t<div class=\"elementor-widget-container\">\n\t\t\t\t\t\t\t<h4><img decoding=\"async\" class=\"wp-image-709 aligncenter\" src=\"http:\/\/forohumanitariocolombia.org\/wp-content\/uploads\/2021\/06\/coalicion-300x152.jpg\" alt=\"\" width=\"157\" height=\"80\" srcset=\"https:\/\/forohumanitariocolombia.org\/wp-content\/uploads\/2021\/06\/coalicion-300x152.jpg 300w, https:\/\/forohumanitariocolombia.org\/wp-content\/uploads\/2021\/06\/coalicion.jpg 722w\" sizes=\"(max-width: 157px) 100vw, 157px\" \/><\/h4><h4 style=\"text-align: center;\"><strong>La Coalici\u00f3n LAC RMD hace un LLAMADO A LA ACCI\u00d3N<\/strong><\/h4><p>En el marco de la Conferencia Internacional de Donantes en Solidaridad con los\u00a0Refugiados y Migrantes de Venezuela\u00a0La Coalici\u00f3n LAC RDM1 saluda y agradece al Gobierno de Canad\u00e1 y la Plataforma R4V, por convocar la Conferencia Internacional de Donantes, as\u00ed como a la Uni\u00f3n Europea y la Comunidad internacional de donantes por su compromiso con los m\u00e1s de 5.62 millones de personas refugiadas y<br \/>migrantes de Venezuela, de los cuales 4.6 millones se encuentran en Am\u00e9rica Latina y el Caribe.<\/p><p>De acuerdo con el Plan de Respuesta Regional para Refugiados y Migrantes de Venezuela 2021 (RMRP) hay 7,2 millones de personas con necesidades humanitarias: 3,4 millones de venezolanos asentados en pa\u00edses de acogida, y el resto retornados, en tr\u00e1nsito y\/o en movimiento pendular3, poblaci\u00f3n que en 2020 sufri\u00f3 particularmente el impacto de la pandemia de Covid-19.<\/p><p><a href=\"https:\/\/drive.google.com\/file\/d\/1Z89PU_kvFMklhv-zRZKaxFV585x51hIY\/view?usp=sharing\"><em>Leer el posicionamiento completo<\/em><\/a><\/p>\t\t\t\t\t\t<\/div>\n\t\t\t\t<\/div>\n\t\t\t\t\t<\/div>\n\t\t<\/div>\n\t\t\t\t\t<\/div>\n\t\t<\/section>\n\t\t\t\t<section class=\"elementor-section elementor-top-section elementor-element elementor-element-0b86188 elementor-section-boxed elementor-section-height-default elementor-section-height-default\" data-id=\"0b86188\" data-element_type=\"section\">\n\t\t\t\t\t\t<div class=\"elementor-container elementor-column-gap-default\">\n\t\t\t\t\t<div class=\"elementor-column elementor-col-100 elementor-top-column elementor-element elementor-element-16b9515\" data-id=\"16b9515\" data-element_type=\"column\">\n\t\t\t<div class=\"elementor-widget-wrap elementor-element-populated\">\n\t\t\t\t\t\t<div class=\"elementor-element elementor-element-79e3f17 elementor-widget elementor-widget-heading\" data-id=\"79e3f17\" data-element_type=\"widget\" data-widget_type=\"heading.default\">\n\t\t\t\t<div class=\"elementor-widget-container\">\n\t\t\t<h2 class=\"elementor-heading-title elementor-size-default\">El 16 de junio \"La Salud de las personas migrantes\"<\/h2>\t\t<\/div>\n\t\t\t\t<\/div>\n\t\t\t\t\t<\/div>\n\t\t<\/div>\n\t\t\t\t\t<\/div>\n\t\t<\/section>\n\t\t\t\t<section class=\"elementor-section elementor-top-section elementor-element elementor-element-ecc57ef elementor-section-boxed elementor-section-height-default elementor-section-height-default\" data-id=\"ecc57ef\" data-element_type=\"section\">\n\t\t\t\t\t\t<div class=\"elementor-container elementor-column-gap-default\">\n\t\t\t\t\t<div class=\"elementor-column elementor-col-100 elementor-top-column elementor-element elementor-element-f3f3f9c\" data-id=\"f3f3f9c\" data-element_type=\"column\">\n\t\t\t<div class=\"elementor-widget-wrap elementor-element-populated\">\n\t\t\t\t\t\t<div class=\"elementor-element elementor-element-0e5c5a2 elementor-widget elementor-widget-text-editor\" data-id=\"0e5c5a2\" data-element_type=\"widget\" data-widget_type=\"text-editor.default\">\n\t\t\t\t<div class=\"elementor-widget-container\">\n\t\t\t\t\t\t\t<p>Se desarrollar\u00e1 un evento paralelo a la Conferencia Internacional de Donantes sobre la crisis de salud p\u00fablica dentro de la crisis migratoria.\u00a0<\/p><p>Podr\u00e1 ver este este evento desde el canal de <a href=\"https:\/\/www.youtube.com\/watch?v=CXbyuHfjJBo\">YouTube <\/a>de M\u00e9dicos del ]Mundo o en est\u00e1 p\u00e1gina.<\/p>\t\t\t\t\t\t<\/div>\n\t\t\t\t<\/div>\n\t\t\t\t\t<\/div>\n\t\t<\/div>\n\t\t\t\t\t<\/div>\n\t\t<\/section>\n\t\t\t\t<section class=\"elementor-section elementor-top-section elementor-element elementor-element-8e78a23 elementor-section-boxed elementor-section-height-default elementor-section-height-default\" data-id=\"8e78a23\" data-element_type=\"section\">\n\t\t\t\t\t\t<div class=\"elementor-container elementor-column-gap-default\">\n\t\t\t\t\t<div class=\"elementor-column elementor-col-100 elementor-top-column elementor-element elementor-element-79477cd\" data-id=\"79477cd\" data-element_type=\"column\">\n\t\t\t<div class=\"elementor-widget-wrap elementor-element-populated\">\n\t\t\t\t\t\t<div class=\"elementor-element elementor-element-285cdbb elementor-widget elementor-widget-image\" data-id=\"285cdbb\" data-element_type=\"widget\" data-widget_type=\"image.default\">\n\t\t\t\t<div class=\"elementor-widget-container\">\n\t\t\t\t\t\t\t\t\t\t\t\t\t<img loading=\"lazy\" decoding=\"async\" width=\"1024\" height=\"512\" src=\"https:\/\/forohumanitariocolombia.org\/wp-content\/uploads\/2021\/06\/b1678655-9387-46a1-b535-8dd0dc5bd93c-1024x512.jpg\" class=\"attachment-large size-large wp-image-684\" alt=\"\" srcset=\"https:\/\/forohumanitariocolombia.org\/wp-content\/uploads\/2021\/06\/b1678655-9387-46a1-b535-8dd0dc5bd93c-1024x512.jpg 1024w, https:\/\/forohumanitariocolombia.org\/wp-content\/uploads\/2021\/06\/b1678655-9387-46a1-b535-8dd0dc5bd93c-300x150.jpg 300w, https:\/\/forohumanitariocolombia.org\/wp-content\/uploads\/2021\/06\/b1678655-9387-46a1-b535-8dd0dc5bd93c-768x384.jpg 768w, https:\/\/forohumanitariocolombia.org\/wp-content\/uploads\/2021\/06\/b1678655-9387-46a1-b535-8dd0dc5bd93c.jpg 1280w\" sizes=\"(max-width: 1024px) 100vw, 1024px\" \/>\t\t\t\t\t\t\t\t\t\t\t\t\t<\/div>\n\t\t\t\t<\/div>\n\t\t\t\t\t<\/div>\n\t\t<\/div>\n\t\t\t\t\t<\/div>\n\t\t<\/section>\n\t\t\t\t<\/div>","protected":false},"excerpt":{"rendered":"<p>Conferencia Internacional de Donantes &#8211; RMRP 2021 El 17 de junio de 2021 se llevar\u00e1 a cabo la Conferencia internacional de donantes en solidaridad con refugiados y migrantes provenientes de Venezuela convocada por Canad\u00e1 y la Uni\u00f3n Europea. Click ac\u00e1 para ver la transmisi\u00f3n en Vivo en Ingl\u00e9s o Franc\u00e9s desde las 8:00 a.m hora&hellip;<\/p>","protected":false},"author":2,"featured_media":0,"parent":9,"menu_order":2,"comment_status":"closed","ping_status":"closed","template":"elementor_theme","meta":{"_monsterinsights_skip_tracking":false,"_monsterinsights_sitenote_active":false,"_monsterinsights_sitenote_note":"","_monsterinsights_sitenote_category":0},"class_list":["post-402","page","type-page","status-publish","hentry","description-off"],"aioseo_notices":[],"_links":{"self":[{"href":"https:\/\/forohumanitariocolombia.org\/en\/wp-json\/wp\/v2\/pages\/402","targetHints":{"allow":["GET"]}}],"collection":[{"href":"https:\/\/forohumanitariocolombia.org\/en\/wp-json\/wp\/v2\/pages"}],"about":[{"href":"https:\/\/forohumanitariocolombia.org\/en\/wp-json\/wp\/v2\/types\/page"}],"author":[{"embeddable":true,"href":"https:\/\/forohumanitariocolombia.org\/en\/wp-json\/wp\/v2\/users\/2"}],"replies":[{"embeddable":true,"href":"https:\/\/forohumanitariocolombia.org\/en\/wp-json\/wp\/v2\/comments?post=402"}],"version-history":[{"count":0,"href":"https:\/\/forohumanitariocolombia.org\/en\/wp-json\/wp\/v2\/pages\/402\/revisions"}],"up":[{"embeddable":true,"href":"https:\/\/forohumanitariocolombia.org\/en\/wp-json\/wp\/v2\/pages\/9"}],"wp:attachment":[{"href":"https:\/\/forohumanitariocolombia.org\/en\/wp-json\/wp\/v2\/media?parent=402"}],"curies":[{"name":"wp","href":"https:\/\/api.w.org\/{rel}","templated":true}]}}