{"id":812,"date":"2021-07-22T19:41:20","date_gmt":"2021-07-22T19:41:20","guid":{"rendered":"https:\/\/forohumanitariocolombia.org\/?page_id=812"},"modified":"2022-01-18T20:28:11","modified_gmt":"2022-01-18T20:28:11","slug":"whd-2021","status":"publish","type":"page","link":"https:\/\/forohumanitariocolombia.org\/en\/blog\/whd-2021\/","title":{"rendered":"D\u00eda Mundial Humanitario 2021"},"content":{"rendered":"<div data-elementor-type=\"wp-page\" data-elementor-id=\"812\" class=\"elementor elementor-812\">\n\t\t\t\t\t\t<section class=\"elementor-section elementor-top-section elementor-element elementor-element-0fbc6e9 elementor-section-boxed elementor-section-height-default elementor-section-height-default\" data-id=\"0fbc6e9\" data-element_type=\"section\">\n\t\t\t\t\t\t<div class=\"elementor-container elementor-column-gap-default\">\n\t\t\t\t\t<div class=\"elementor-column elementor-col-100 elementor-top-column elementor-element elementor-element-d5794c5\" data-id=\"d5794c5\" data-element_type=\"column\">\n\t\t\t<div class=\"elementor-widget-wrap elementor-element-populated\">\n\t\t\t\t\t\t<div class=\"elementor-element elementor-element-44778d3 elementor-widget elementor-widget-heading\" data-id=\"44778d3\" data-element_type=\"widget\" data-widget_type=\"heading.default\">\n\t\t\t\t<div class=\"elementor-widget-container\">\n\t\t\t<h2 class=\"elementor-heading-title elementor-size-default\">D\u00eda Mundial de la Asistencia Humanitaria - 2021<\/h2>\t\t<\/div>\n\t\t\t\t<\/div>\n\t\t\t\t\t<\/div>\n\t\t<\/div>\n\t\t\t\t\t<\/div>\n\t\t<\/section>\n\t\t\t\t<section class=\"elementor-section elementor-top-section elementor-element elementor-element-0885081 elementor-section-full_width elementor-section-height-default elementor-section-height-default\" data-id=\"0885081\" data-element_type=\"section\">\n\t\t\t\t\t\t<div class=\"elementor-container elementor-column-gap-default\">\n\t\t\t\t\t<div class=\"elementor-column elementor-col-100 elementor-top-column elementor-element elementor-element-d3ae091\" data-id=\"d3ae091\" data-element_type=\"column\">\n\t\t\t<div class=\"elementor-widget-wrap elementor-element-populated\">\n\t\t\t\t\t\t<div class=\"elementor-element elementor-element-0e47b96 elementor-widget elementor-widget-image\" data-id=\"0e47b96\" data-element_type=\"widget\" data-widget_type=\"image.default\">\n\t\t\t\t<div class=\"elementor-widget-container\">\n\t\t\t\t\t\t\t\t\t\t\t\t\t<img fetchpriority=\"high\" decoding=\"async\" width=\"2048\" height=\"1154\" src=\"https:\/\/forohumanitariocolombia.org\/wp-content\/uploads\/2022\/01\/ll-2048x1154.jpg\" class=\"attachment-2048x2048 size-2048x2048 wp-image-1898\" alt=\"\" srcset=\"https:\/\/forohumanitariocolombia.org\/wp-content\/uploads\/2022\/01\/ll-2048x1154.jpg 2048w, https:\/\/forohumanitariocolombia.org\/wp-content\/uploads\/2022\/01\/ll-300x169.jpg 300w, https:\/\/forohumanitariocolombia.org\/wp-content\/uploads\/2022\/01\/ll-1024x577.jpg 1024w, https:\/\/forohumanitariocolombia.org\/wp-content\/uploads\/2022\/01\/ll-768x433.jpg 768w, https:\/\/forohumanitariocolombia.org\/wp-content\/uploads\/2022\/01\/ll-1536x866.jpg 1536w, https:\/\/forohumanitariocolombia.org\/wp-content\/uploads\/2022\/01\/ll-18x10.jpg 18w\" sizes=\"(max-width: 2048px) 100vw, 2048px\" \/>\t\t\t\t\t\t\t\t\t\t\t\t\t<\/div>\n\t\t\t\t<\/div>\n\t\t\t\t\t<\/div>\n\t\t<\/div>\n\t\t\t\t\t<\/div>\n\t\t<\/section>\n\t\t\t\t<section class=\"elementor-section elementor-top-section elementor-element elementor-element-1bd419e elementor-section-boxed elementor-section-height-default elementor-section-height-default\" data-id=\"1bd419e\" data-element_type=\"section\">\n\t\t\t\t\t\t<div class=\"elementor-container elementor-column-gap-default\">\n\t\t\t\t\t<div class=\"elementor-column elementor-col-100 elementor-top-column elementor-element elementor-element-49559ee\" data-id=\"49559ee\" data-element_type=\"column\">\n\t\t\t<div class=\"elementor-widget-wrap elementor-element-populated\">\n\t\t\t\t\t\t<div class=\"elementor-element elementor-element-1d52d83 elementor-widget elementor-widget-counter\" data-id=\"1d52d83\" data-element_type=\"widget\" data-widget_type=\"counter.default\">\n\t\t\t\t<div class=\"elementor-widget-container\">\n\t\t\t\t\t<div class=\"elementor-counter\">\n\t\t\t<div class=\"elementor-counter-title\">de agosto<\/div>\t\t\t<div class=\"elementor-counter-number-wrapper\">\n\t\t\t\t<span class=\"elementor-counter-number-prefix\"><\/span>\n\t\t\t\t<span class=\"elementor-counter-number\" data-duration=\"2000\" data-to-value=\"19\" data-from-value=\"0\" data-delimiter=\",\">0<\/span>\n\t\t\t\t<span class=\"elementor-counter-number-suffix\"><\/span>\n\t\t\t<\/div>\n\t\t<\/div>\n\t\t\t\t<\/div>\n\t\t\t\t<\/div>\n\t\t\t\t<div class=\"elementor-element elementor-element-687b847 elementor-widget elementor-widget-text-editor\" data-id=\"687b847\" data-element_type=\"widget\" data-widget_type=\"text-editor.default\">\n\t\t\t\t<div class=\"elementor-widget-container\">\n\t\t\t\t\t\t\t<p>El 19 de agosto se conmemora el<strong> D\u00eda Mundial Humanitario,<\/strong> como homenaje al trabajo del personal humanitario cuya labor salva vidas y alivia el sufrimiento de las personas afectadas por emergencias humanitarias.<\/p><p><span style=\"color: var( --e-global-color-text ); font-family: var( --e-global-typography-text-font-family ), Sans-serif; word-spacing: normal; font-weight: var( --e-global-typography-text-font-weight );\">En el \u00faltimo a\u00f1o y medio, se han presentado <strong>al menos 514 ataques a la misi\u00f3n m\u00e9dica,<\/strong> en este contexto es fundamental reconocer<strong> la importancia del trabajo de trabajadoras y trabajadores humanitarios que responden a todas las situaciones humanitarias del pa\u00eds,<\/strong> causadas por el conflicto armado, los desastres naturales, la COVID-19 y las situaciones de migraci\u00f3n y refugio de <\/span><span style=\"color: var( --e-global-color-text ); font-family: var( --e-global-typography-text-font-family ), Sans-serif; font-weight: var( --e-global-typography-text-font-weight ); word-spacing: normal; font-size: var( --e-global-typography-the7_normal_size-font-size );\">personas provenientes de Venezuela y otros lugares del mundo.\u00a0<\/span><\/p>\t\t\t\t\t\t<\/div>\n\t\t\t\t<\/div>\n\t\t\t\t\t<\/div>\n\t\t<\/div>\n\t\t\t\t\t<\/div>\n\t\t<\/section>\n\t\t\t\t<section class=\"elementor-section elementor-top-section elementor-element elementor-element-3eb03ca elementor-section-full_width elementor-section-height-default elementor-section-height-default\" data-id=\"3eb03ca\" data-element_type=\"section\">\n\t\t\t\t\t\t<div class=\"elementor-container elementor-column-gap-default\">\n\t\t\t\t\t<div class=\"elementor-column elementor-col-25 elementor-top-column elementor-element elementor-element-5340bae\" data-id=\"5340bae\" data-element_type=\"column\">\n\t\t\t<div class=\"elementor-widget-wrap\">\n\t\t\t\t\t\t\t<\/div>\n\t\t<\/div>\n\t\t\t\t<div class=\"elementor-column elementor-col-50 elementor-top-column elementor-element elementor-element-e083611\" data-id=\"e083611\" data-element_type=\"column\">\n\t\t\t<div class=\"elementor-widget-wrap elementor-element-populated\">\n\t\t\t\t\t\t<div class=\"elementor-element elementor-element-22aed21 elementor-widget elementor-widget-html\" data-id=\"22aed21\" data-element_type=\"widget\" data-widget_type=\"html.default\">\n\t\t\t\t<div class=\"elementor-widget-container\">\n\t\t\t<iframe width=\"560\" height=\"415\" src=\"https:\/\/www.youtube.com\/embed\/F9N47naPfiU\" title=\"YouTube video player\" frameborder=\"0\" allow=\"accelerometer; autoplay; clipboard-write; encrypted-media; gyroscope; picture-in-picture\" allowfullscreen><\/iframe>\t\t<\/div>\n\t\t\t\t<\/div>\n\t\t\t\t\t<\/div>\n\t\t<\/div>\n\t\t\t\t<div class=\"elementor-column elementor-col-25 elementor-top-column elementor-element elementor-element-cca23af\" data-id=\"cca23af\" data-element_type=\"column\">\n\t\t\t<div class=\"elementor-widget-wrap\">\n\t\t\t\t\t\t\t<\/div>\n\t\t<\/div>\n\t\t\t\t\t<\/div>\n\t\t<\/section>\n\t\t\t\t<section class=\"elementor-section elementor-top-section elementor-element elementor-element-f5f80db elementor-section-boxed elementor-section-height-default elementor-section-height-default\" data-id=\"f5f80db\" data-element_type=\"section\">\n\t\t\t\t\t\t<div class=\"elementor-container elementor-column-gap-default\">\n\t\t\t\t\t<div class=\"elementor-column elementor-col-100 elementor-top-column elementor-element elementor-element-2228371\" data-id=\"2228371\" data-element_type=\"column\">\n\t\t\t<div class=\"elementor-widget-wrap elementor-element-populated\">\n\t\t\t\t\t\t<div class=\"elementor-element elementor-element-2c430a8 elementor-widget elementor-widget-spacer\" data-id=\"2c430a8\" data-element_type=\"widget\" data-widget_type=\"spacer.default\">\n\t\t\t\t<div class=\"elementor-widget-container\">\n\t\t\t\t\t<div class=\"elementor-spacer\">\n\t\t\t<div class=\"elementor-spacer-inner\"><\/div>\n\t\t<\/div>\n\t\t\t\t<\/div>\n\t\t\t\t<\/div>\n\t\t\t\t\t<\/div>\n\t\t<\/div>\n\t\t\t\t\t<\/div>\n\t\t<\/section>\n\t\t\t\t<section class=\"elementor-section elementor-top-section elementor-element elementor-element-3277ef9 elementor-section-boxed elementor-section-height-default elementor-section-height-default\" data-id=\"3277ef9\" data-element_type=\"section\">\n\t\t\t\t\t\t<div class=\"elementor-container elementor-column-gap-default\">\n\t\t\t\t\t<div class=\"elementor-column elementor-col-100 elementor-top-column elementor-element elementor-element-50eabfd\" data-id=\"50eabfd\" data-element_type=\"column\">\n\t\t\t<div class=\"elementor-widget-wrap elementor-element-populated\">\n\t\t\t\t\t\t<div class=\"elementor-element elementor-element-8b59cdd elementor-widget elementor-widget-text-editor\" data-id=\"8b59cdd\" data-element_type=\"widget\" data-widget_type=\"text-editor.default\">\n\t\t\t\t<div class=\"elementor-widget-container\">\n\t\t\t\t\t\t\t<p style=\"text-align: center;\">Hoy la acci\u00f3n humanitaria debe garantizarse en Colombia. En el pa\u00eds hay m\u00e1s de 9 millones de personas con necesidades humanitarias como consecuencia de unacompleja situaci\u00f3n causada por la pandemia, las crisis migratorias, la persistencia del conflicto armado, la violencia, los desastres naturales y el cambio climatico.\u00a0<\/p>\t\t\t\t\t\t<\/div>\n\t\t\t\t<\/div>\n\t\t\t\t\t<\/div>\n\t\t<\/div>\n\t\t\t\t\t<\/div>\n\t\t<\/section>\n\t\t\t\t<section class=\"elementor-section elementor-top-section elementor-element elementor-element-6d8e4b5 elementor-section-boxed elementor-section-height-default elementor-section-height-default\" data-id=\"6d8e4b5\" data-element_type=\"section\">\n\t\t\t\t\t\t<div class=\"elementor-container elementor-column-gap-default\">\n\t\t\t\t\t<div class=\"elementor-column elementor-col-50 elementor-top-column elementor-element elementor-element-901362c\" data-id=\"901362c\" data-element_type=\"column\">\n\t\t\t<div class=\"elementor-widget-wrap elementor-element-populated\">\n\t\t\t\t\t\t<div class=\"elementor-element elementor-element-005d5d7 elementor-widget elementor-widget-html\" data-id=\"005d5d7\" data-element_type=\"widget\" data-widget_type=\"html.default\">\n\t\t\t\t<div class=\"elementor-widget-container\">\n\t\t\t<iframe width=\"600\" height=\"700\" src=\"http:\/\/forohumanitariocolombia.org\/wp-content\/uploads\/2021\/08\/210819-Foro-Humanitario-Comunicado-Dia-Mundial-AH-vf-REDES.pdf\" frameborder=\"0\" style=\"border:0\" allowfullscreen><\/iframe>\t\t<\/div>\n\t\t\t\t<\/div>\n\t\t\t\t\t<\/div>\n\t\t<\/div>\n\t\t\t\t<div class=\"elementor-column elementor-col-25 elementor-top-column elementor-element elementor-element-494c2d6\" data-id=\"494c2d6\" data-element_type=\"column\">\n\t\t\t<div class=\"elementor-widget-wrap\">\n\t\t\t\t\t\t\t<\/div>\n\t\t<\/div>\n\t\t\t\t<div class=\"elementor-column elementor-col-25 elementor-top-column elementor-element elementor-element-f0ca245\" data-id=\"f0ca245\" data-element_type=\"column\">\n\t\t\t<div class=\"elementor-widget-wrap elementor-element-populated\">\n\t\t\t\t\t\t<div class=\"elementor-element elementor-element-09177ff elementor-widget elementor-widget-image\" data-id=\"09177ff\" data-element_type=\"widget\" data-widget_type=\"image.default\">\n\t\t\t\t<div class=\"elementor-widget-container\">\n\t\t\t\t\t\t\t\t\t\t\t\t\t<img decoding=\"async\" width=\"1024\" height=\"683\" src=\"https:\/\/forohumanitariocolombia.org\/wp-content\/uploads\/2021\/08\/Salud_Gustavo-Doria-1024x683.jpg\" class=\"attachment-large size-large wp-image-987\" alt=\"\" srcset=\"https:\/\/forohumanitariocolombia.org\/wp-content\/uploads\/2021\/08\/Salud_Gustavo-Doria-1024x683.jpg 1024w, https:\/\/forohumanitariocolombia.org\/wp-content\/uploads\/2021\/08\/Salud_Gustavo-Doria-300x200.jpg 300w, https:\/\/forohumanitariocolombia.org\/wp-content\/uploads\/2021\/08\/Salud_Gustavo-Doria-768x512.jpg 768w, https:\/\/forohumanitariocolombia.org\/wp-content\/uploads\/2021\/08\/Salud_Gustavo-Doria-1536x1024.jpg 1536w, https:\/\/forohumanitariocolombia.org\/wp-content\/uploads\/2021\/08\/Salud_Gustavo-Doria-2048x1365.jpg 2048w, https:\/\/forohumanitariocolombia.org\/wp-content\/uploads\/2021\/08\/Salud_Gustavo-Doria-16x12.jpg 16w\" sizes=\"(max-width: 1024px) 100vw, 1024px\" \/>\t\t\t\t\t\t\t\t\t\t\t\t\t<\/div>\n\t\t\t\t<\/div>\n\t\t\t\t<div class=\"elementor-element elementor-element-0e98f60 elementor-widget elementor-widget-image\" data-id=\"0e98f60\" data-element_type=\"widget\" data-widget_type=\"image.default\">\n\t\t\t\t<div class=\"elementor-widget-container\">\n\t\t\t\t\t\t\t\t\t\t\t\t\t<img decoding=\"async\" width=\"682\" height=\"614\" src=\"https:\/\/forohumanitariocolombia.org\/wp-content\/uploads\/2021\/08\/7.-Sesion-Informativa-Proteccion-Riohacha-.png\" class=\"attachment-large size-large wp-image-1014\" alt=\"\" srcset=\"https:\/\/forohumanitariocolombia.org\/wp-content\/uploads\/2021\/08\/7.-Sesion-Informativa-Proteccion-Riohacha-.png 682w, https:\/\/forohumanitariocolombia.org\/wp-content\/uploads\/2021\/08\/7.-Sesion-Informativa-Proteccion-Riohacha--300x270.png 300w, https:\/\/forohumanitariocolombia.org\/wp-content\/uploads\/2021\/08\/7.-Sesion-Informativa-Proteccion-Riohacha--13x12.png 13w\" sizes=\"(max-width: 682px) 100vw, 682px\" \/>\t\t\t\t\t\t\t\t\t\t\t\t\t<\/div>\n\t\t\t\t<\/div>\n\t\t\t\t\t<\/div>\n\t\t<\/div>\n\t\t\t\t\t<\/div>\n\t\t<\/section>\n\t\t\t\t<section class=\"elementor-section elementor-top-section elementor-element elementor-element-d71c2c0 elementor-section-boxed elementor-section-height-default elementor-section-height-default\" data-id=\"d71c2c0\" data-element_type=\"section\">\n\t\t\t\t\t\t<div class=\"elementor-container elementor-column-gap-default\">\n\t\t\t\t\t<div class=\"elementor-column elementor-col-100 elementor-top-column elementor-element elementor-element-4a9eb44\" data-id=\"4a9eb44\" data-element_type=\"column\">\n\t\t\t<div class=\"elementor-widget-wrap elementor-element-populated\">\n\t\t\t\t\t\t<div class=\"elementor-element elementor-element-9d670a0 elementor-widget elementor-widget-text-editor\" data-id=\"9d670a0\" data-element_type=\"widget\" data-widget_type=\"text-editor.default\">\n\t\t\t\t<div class=\"elementor-widget-container\">\n\t\t\t\t\t\t\t<p style=\"text-align: center;\"><strong>#LoHumanitarioNosUne<\/strong>\u00a0<\/p>\t\t\t\t\t\t<\/div>\n\t\t\t\t<\/div>\n\t\t\t\t\t<\/div>\n\t\t<\/div>\n\t\t\t\t\t<\/div>\n\t\t<\/section>\n\t\t\t\t<\/div>","protected":false},"excerpt":{"rendered":"<p>D\u00eda Mundial de la Asistencia Humanitaria &#8211; 2021 0 de agosto El 19 de agosto se conmemora el D\u00eda Mundial Humanitario, como homenaje al trabajo del personal humanitario cuya labor salva vidas y alivia el sufrimiento de las personas afectadas por emergencias humanitarias. En el \u00faltimo a\u00f1o y medio, se han presentado al menos 514&hellip;<\/p>","protected":false},"author":2,"featured_media":0,"parent":9,"menu_order":2,"comment_status":"closed","ping_status":"closed","template":"","meta":{"_monsterinsights_skip_tracking":false,"_monsterinsights_sitenote_active":false,"_monsterinsights_sitenote_note":"","_monsterinsights_sitenote_category":0},"class_list":["post-812","page","type-page","status-publish","hentry","description-off"],"aioseo_notices":[],"_links":{"self":[{"href":"https:\/\/forohumanitariocolombia.org\/en\/wp-json\/wp\/v2\/pages\/812","targetHints":{"allow":["GET"]}}],"collection":[{"href":"https:\/\/forohumanitariocolombia.org\/en\/wp-json\/wp\/v2\/pages"}],"about":[{"href":"https:\/\/forohumanitariocolombia.org\/en\/wp-json\/wp\/v2\/types\/page"}],"author":[{"embeddable":true,"href":"https:\/\/forohumanitariocolombia.org\/en\/wp-json\/wp\/v2\/users\/2"}],"replies":[{"embeddable":true,"href":"https:\/\/forohumanitariocolombia.org\/en\/wp-json\/wp\/v2\/comments?post=812"}],"version-history":[{"count":0,"href":"https:\/\/forohumanitariocolombia.org\/en\/wp-json\/wp\/v2\/pages\/812\/revisions"}],"up":[{"embeddable":true,"href":"https:\/\/forohumanitariocolombia.org\/en\/wp-json\/wp\/v2\/pages\/9"}],"wp:attachment":[{"href":"https:\/\/forohumanitariocolombia.org\/en\/wp-json\/wp\/v2\/media?parent=812"}],"curies":[{"name":"wp","href":"https:\/\/api.w.org\/{rel}","templated":true}]}}