{"id":11,"date":"2021-01-14T00:33:12","date_gmt":"2021-01-14T00:33:12","guid":{"rendered":"https:\/\/forohumanitariocolombia.org\/acerca-de\/"},"modified":"2024-09-26T22:41:11","modified_gmt":"2024-09-26T22:41:11","slug":"nosotros","status":"publish","type":"page","link":"https:\/\/forohumanitariocolombia.org\/es_es\/nosotros\/","title":{"rendered":"Nosotros"},"content":{"rendered":"\t\t<div data-elementor-type=\"wp-page\" data-elementor-id=\"11\" class=\"elementor elementor-11\">\n\t\t\t\t\t\t<section class=\"elementor-section elementor-top-section elementor-element elementor-element-839a3bb elementor-section-full_width animated-slow elementor-section-height-default elementor-section-height-default elementor-invisible\" data-id=\"839a3bb\" data-element_type=\"section\" data-settings=\"{&quot;animation&quot;:&quot;fadeIn&quot;}\">\n\t\t\t\t\t\t<div class=\"elementor-container elementor-column-gap-default\">\n\t\t\t\t\t<div class=\"elementor-column elementor-col-100 elementor-top-column elementor-element elementor-element-b58a8c8\" data-id=\"b58a8c8\" data-element_type=\"column\">\n\t\t\t<div class=\"elementor-widget-wrap elementor-element-populated\">\n\t\t\t\t\t\t<div class=\"elementor-element elementor-element-58b3583 elementor-widget elementor-widget-prime-slider-dragon\" data-id=\"58b3583\" data-element_type=\"widget\" data-widget_type=\"prime-slider-dragon.default\">\n\t\t\t\t<div class=\"elementor-widget-container\">\n\t\t\t\t\t<div class=\"bdt-prime-slider\">\n\t\t\t<div class=\"bdt-prime-slider-dragon\">\n\t\t\t\t<div class=\"bdt-position-relative bdt-visible-toggle\" data-settings=\"{&quot;id&quot;:&quot;#bdt-58b3583&quot;,&quot;animation_status&quot;:&quot;no&quot;}\" id=\"bdt-58b3583\" bdt-slideshow=\"{&quot;animation&quot;:&quot;fade&quot;,&quot;ratio&quot;:&quot;16:9&quot;,&quot;min-height&quot;:&quot;440&quot;,&quot;autoplay&quot;:true,&quot;autoplay-interval&quot;:7000,&quot;pause-on-hover&quot;:false,&quot;velocity&quot;:1,&quot;finite&quot;:false}\">\n\t\t\t\t\t<ul class=\"bdt-slideshow-items\">\n\t\t\t\t\t\t\t\t<li class=\"bdt-slideshow-item bdt-flex bdt-flex-middle elementor-repeater-item-1b66b8a\">\n\n\t\t\t<div class=\"bdt-ps-dragon-bg\">\n\t\t\t\t\n\t\t<div class=\"bdt-ps-slide-img\" style=\"background-image: url('https:\/\/forohumanitariocolombia.org\/wp-content\/uploads\/2022\/01\/w2a7539092720FernaPineda-scaled.jpg')\"><\/div>\n\n\t\t\t\t\t<\/div>\n\n\t\t\t<div class=\"bdt-ps-dragon-slide-image\">\n\t\t\t\t\n\t\t<div class=\"bdt-ps-slide-img\" style=\"background-image: url('https:\/\/forohumanitariocolombia.org\/wp-content\/uploads\/2022\/01\/w2a7539092720FernaPineda-scaled.jpg')\"><\/div>\n\n\t\t\t\t\t<\/div>\n\n\t\t\t\t\t\t\t<div class=\"bdt-overlay-default bdt-position-cover bdt-blend-multiply\"><\/div>\n\t\t\t\t\t\t\n\t\t\t\t\t<div class=\"bdt-prime-slider-wrapper\">\n\t\t\t<div class=\"bdt-prime-slider-content\">\n\n\t\t\t\t\n\t\t\t\t\t\t\t\t\t<div class=\"bdt-main-title\">\n\t\t\t\t\t\t<h1 class=\"bdt-title-tag\" data-bdt-slideshow-parallax=\"x: 200,-200; opacity: 1,1,0\"  data-reveal=\"reveal-active\">\n\t\t\t\t\t\t\t\t\t\t\t\t\t\t\t<span class=\"frist-word\">NOSOTROS<\/span> \t\t\t\t\t\t\t\t\t\t\t\t\t\t<\/h1>\n\t\t\t\t\t<\/div>\n\t\t\t\t\n\t\t\t\t\n\t\t\t\t<div data-bdt-slideshow-parallax=\"x: 400,-400; opacity: 1,1,0\">\n\t\t\t\t\t\n\t\t\t\t\t\t<\/div>\n\t\t\t\t\t\n\t\t\t<\/div>\n\t\t<\/div>\n        \n\t\t<\/li>\n        \n\t\t\t\t\t<\/ul>\n\n\t\t\t\t\t            \n        \t\t\t\t\t\n\t\t\t\t<\/div>\n\t\t\t\t\t\t\t<\/div>\n\t\t<\/div>\n        \t\t<\/div>\n\t\t\t\t<\/div>\n\t\t\t\t\t<\/div>\n\t\t<\/div>\n\t\t\t\t\t<\/div>\n\t\t<\/section>\n\t\t\t\t<section class=\"elementor-section elementor-top-section elementor-element elementor-element-8ccb742 animated-slow elementor-section-full_width elementor-section-height-default elementor-section-height-default elementor-invisible\" data-id=\"8ccb742\" data-element_type=\"section\" data-settings=\"{&quot;background_background&quot;:&quot;classic&quot;,&quot;animation&quot;:&quot;slideInRight&quot;}\">\n\t\t\t\t\t\t\t<div class=\"elementor-background-overlay\"><\/div>\n\t\t\t\t\t\t\t<div class=\"elementor-container elementor-column-gap-default\">\n\t\t\t\t\t<div class=\"elementor-column elementor-col-100 elementor-top-column elementor-element elementor-element-d56a439\" data-id=\"d56a439\" data-element_type=\"column\">\n\t\t\t<div class=\"elementor-widget-wrap elementor-element-populated\">\n\t\t\t\t\t\t<div class=\"elementor-element elementor-element-3a359ee elementor-widget elementor-widget-text-editor\" data-id=\"3a359ee\" data-element_type=\"widget\" data-widget_type=\"text-editor.default\">\n\t\t\t\t<div class=\"elementor-widget-container\">\n\t\t\t\t\t\t\t<p>Somos 37 organizaciones nacionales e internacionales, con un promedio de presencia en Colombia de 23 a\u00f1os. Trabajamos en 30 departamentos. L<b>as organizaciones del Foro cuentan con 5,400<\/b><b>\u00a0trabajadores\/as humanitarios\/as.<\/b>\u00a0<\/p><p>Anualmente en promedio, a trav\u00e9s de las acciones de <u>respuesta humanitaria<\/u> de las organizacion<b>es del Foro, se alcanza en promedio a 1,9 millones de personas anualmente. <\/b><\/p>\t\t\t\t\t\t<\/div>\n\t\t\t\t<\/div>\n\t\t\t\t\t<\/div>\n\t\t<\/div>\n\t\t\t\t\t<\/div>\n\t\t<\/section>\n\t\t\t\t<section class=\"elementor-section elementor-top-section elementor-element elementor-element-2529699 animated-slow elementor-section-boxed elementor-section-height-default elementor-section-height-default elementor-invisible\" data-id=\"2529699\" data-element_type=\"section\" data-settings=\"{&quot;animation&quot;:&quot;slideInLeft&quot;}\">\n\t\t\t\t\t\t<div class=\"elementor-container elementor-column-gap-default\">\n\t\t\t\t\t<div class=\"elementor-column elementor-col-100 elementor-top-column elementor-element elementor-element-a4a97f6\" data-id=\"a4a97f6\" data-element_type=\"column\">\n\t\t\t<div class=\"elementor-widget-wrap elementor-element-populated\">\n\t\t\t\t\t\t<div class=\"elementor-element elementor-element-00b2aa9 elementor-widget elementor-widget-heading\" data-id=\"00b2aa9\" data-element_type=\"widget\" data-widget_type=\"heading.default\">\n\t\t\t\t<div class=\"elementor-widget-container\">\n\t\t\t<h3 class=\"elementor-heading-title elementor-size-default\">ORGANIZACIONES SEG\u00daN AREA DE RESPUESTA<\/h3>\t\t<\/div>\n\t\t\t\t<\/div>\n\t\t\t\t<div class=\"elementor-element elementor-element-ffa9c72 elementor-widget elementor-widget-text-editor\" data-id=\"ffa9c72\" data-element_type=\"widget\" data-widget_type=\"text-editor.default\">\n\t\t\t\t<div class=\"elementor-widget-container\">\n\t\t\t\t\t\t\t<div class=\"flourish-embed flourish-parliament\" data-src=\"visualisation\/8421725\"><script src=\"https:\/\/public.flourish.studio\/resources\/embed.js\"><\/script><\/div>\t\t\t\t\t\t<\/div>\n\t\t\t\t<\/div>\n\t\t\t\t<div class=\"elementor-element elementor-element-41d55be elementor-widget elementor-widget-spacer\" data-id=\"41d55be\" data-element_type=\"widget\" data-widget_type=\"spacer.default\">\n\t\t\t\t<div class=\"elementor-widget-container\">\n\t\t\t\t\t<div class=\"elementor-spacer\">\n\t\t\t<div class=\"elementor-spacer-inner\"><\/div>\n\t\t<\/div>\n\t\t\t\t<\/div>\n\t\t\t\t<\/div>\n\t\t\t\t<div class=\"elementor-element elementor-element-2e0e32e elementor-widget-divider--view-line elementor-widget elementor-widget-divider\" data-id=\"2e0e32e\" data-element_type=\"widget\" data-widget_type=\"divider.default\">\n\t\t\t\t<div class=\"elementor-widget-container\">\n\t\t\t\t\t<div class=\"elementor-divider\">\n\t\t\t<span class=\"elementor-divider-separator\">\n\t\t\t\t\t\t<\/span>\n\t\t<\/div>\n\t\t\t\t<\/div>\n\t\t\t\t<\/div>\n\t\t\t\t<div class=\"elementor-element elementor-element-b42290f elementor-widget elementor-widget-heading\" data-id=\"b42290f\" data-element_type=\"widget\" data-widget_type=\"heading.default\">\n\t\t\t\t<div class=\"elementor-widget-container\">\n\t\t\t<h2 class=\"elementor-heading-title elementor-size-default\">PRINCIPIOS Y VALORES HUMANITARIOS<\/h2>\t\t<\/div>\n\t\t\t\t<\/div>\n\t\t\t\t<div class=\"elementor-element elementor-element-5cea210 elementor-widget elementor-widget-text-editor\" data-id=\"5cea210\" data-element_type=\"widget\" data-widget_type=\"text-editor.default\">\n\t\t\t\t<div class=\"elementor-widget-container\">\n\t\t\t\t\t\t\t<p><span style=\"font-weight: 400;\">El Foro de ONG humanitarias en Colombia promueve y se gu\u00eda por los siguientes valores y principios de reconocimiento universal:<\/span><\/p>\t\t\t\t\t\t<\/div>\n\t\t\t\t<\/div>\n\t\t\t\t<div class=\"elementor-element elementor-element-0cae4ff elementor-widget elementor-widget-image\" data-id=\"0cae4ff\" data-element_type=\"widget\" data-widget_type=\"image.default\">\n\t\t\t\t<div class=\"elementor-widget-container\">\n\t\t\t\t\t\t\t\t\t\t\t\t\t<img fetchpriority=\"high\" decoding=\"async\" width=\"2048\" height=\"1154\" src=\"https:\/\/forohumanitariocolombia.org\/wp-content\/uploads\/2022\/01\/f-2048x1154.jpg\" class=\"attachment-2048x2048 size-2048x2048 wp-image-1772\" alt=\"\" srcset=\"https:\/\/forohumanitariocolombia.org\/wp-content\/uploads\/2022\/01\/f-2048x1154.jpg 2048w, https:\/\/forohumanitariocolombia.org\/wp-content\/uploads\/2022\/01\/f-300x169.jpg 300w, https:\/\/forohumanitariocolombia.org\/wp-content\/uploads\/2022\/01\/f-1024x577.jpg 1024w, https:\/\/forohumanitariocolombia.org\/wp-content\/uploads\/2022\/01\/f-768x433.jpg 768w, https:\/\/forohumanitariocolombia.org\/wp-content\/uploads\/2022\/01\/f-1536x866.jpg 1536w, https:\/\/forohumanitariocolombia.org\/wp-content\/uploads\/2022\/01\/f-18x10.jpg 18w\" sizes=\"(max-width: 2048px) 100vw, 2048px\" \/>\t\t\t\t\t\t\t\t\t\t\t\t\t<\/div>\n\t\t\t\t<\/div>\n\t\t\t\t\t<\/div>\n\t\t<\/div>\n\t\t\t\t\t<\/div>\n\t\t<\/section>\n\t\t\t\t<section class=\"elementor-section elementor-top-section elementor-element elementor-element-25bb511 animated-slow elementor-section-boxed elementor-section-height-default elementor-section-height-default elementor-invisible\" data-id=\"25bb511\" data-element_type=\"section\" data-settings=\"{&quot;animation&quot;:&quot;slideInRight&quot;}\">\n\t\t\t\t\t\t<div class=\"elementor-container elementor-column-gap-default\">\n\t\t\t\t\t<div class=\"elementor-column elementor-col-100 elementor-top-column elementor-element elementor-element-08e1253\" data-id=\"08e1253\" data-element_type=\"column\">\n\t\t\t<div class=\"elementor-widget-wrap elementor-element-populated\">\n\t\t\t\t\t\t<div class=\"elementor-element elementor-element-b7131c1 elementor-tabs-alignment-center elementor-tabs-view-horizontal elementor-widget elementor-widget-tabs\" data-id=\"b7131c1\" data-element_type=\"widget\" data-widget_type=\"tabs.default\">\n\t\t\t\t<div class=\"elementor-widget-container\">\n\t\t\t\t\t<div class=\"elementor-tabs\">\n\t\t\t<div class=\"elementor-tabs-wrapper\" role=\"tablist\" >\n\t\t\t\t\t\t\t\t\t<div id=\"elementor-tab-title-1911\" class=\"elementor-tab-title elementor-tab-desktop-title\" aria-selected=\"true\" data-tab=\"1\" role=\"tab\" tabindex=\"0\" aria-controls=\"elementor-tab-content-1911\" aria-expanded=\"false\">HUMANIDAD<\/div>\n\t\t\t\t\t\t\t\t\t<div id=\"elementor-tab-title-1912\" class=\"elementor-tab-title elementor-tab-desktop-title\" aria-selected=\"false\" data-tab=\"2\" role=\"tab\" tabindex=\"-1\" aria-controls=\"elementor-tab-content-1912\" aria-expanded=\"false\">IMPARCIALIDAD<\/div>\n\t\t\t\t\t\t\t\t\t<div id=\"elementor-tab-title-1913\" class=\"elementor-tab-title elementor-tab-desktop-title\" aria-selected=\"false\" data-tab=\"3\" role=\"tab\" tabindex=\"-1\" aria-controls=\"elementor-tab-content-1913\" aria-expanded=\"false\">INDEPENDENCIA<\/div>\n\t\t\t\t\t\t\t\t\t<div id=\"elementor-tab-title-1914\" class=\"elementor-tab-title elementor-tab-desktop-title\" aria-selected=\"false\" data-tab=\"4\" role=\"tab\" tabindex=\"-1\" aria-controls=\"elementor-tab-content-1914\" aria-expanded=\"false\">NEUTRALIDAD<\/div>\n\t\t\t\t\t\t\t<\/div>\n\t\t\t<div class=\"elementor-tabs-content-wrapper\" role=\"tablist\" aria-orientation=\"vertical\">\n\t\t\t\t\t\t\t\t\t<div class=\"elementor-tab-title elementor-tab-mobile-title\" aria-selected=\"true\" data-tab=\"1\" role=\"tab\" tabindex=\"0\" aria-controls=\"elementor-tab-content-1911\" aria-expanded=\"false\">HUMANIDAD<\/div>\n\t\t\t\t\t<div id=\"elementor-tab-content-1911\" class=\"elementor-tab-content elementor-clearfix\" data-tab=\"1\" role=\"tabpanel\" aria-labelledby=\"elementor-tab-title-1911\" tabindex=\"0\" hidden=\"false\"><p>Trabajamos para prevenir y aliviar el sufrimiento humano, donde quiera que se encuentre. El prop\u00f3sito de la acci\u00f3n humanitaria es proteger en los momentos de crisis la vida, integridad y dignidad de las personas, as\u00ed como sus derechos fundamentales.<\/p><\/div>\n\t\t\t\t\t\t\t\t\t<div class=\"elementor-tab-title elementor-tab-mobile-title\" aria-selected=\"false\" data-tab=\"2\" role=\"tab\" tabindex=\"-1\" aria-controls=\"elementor-tab-content-1912\" aria-expanded=\"false\">IMPARCIALIDAD<\/div>\n\t\t\t\t\t<div id=\"elementor-tab-content-1912\" class=\"elementor-tab-content elementor-clearfix\" data-tab=\"2\" role=\"tabpanel\" aria-labelledby=\"elementor-tab-title-1912\" tabindex=\"0\" hidden=\"hidden\"><p>Enfocamos la acci\u00f3n humanitaria exclusivamente en funci\u00f3n de las necesidades de las personas, sin distinci\u00f3n de nacionalidad, etnia, opci\u00f3n sexual, g\u00e9nero, opini\u00f3n pol\u00edtica o creencia religiosa.<\/p><\/div>\n\t\t\t\t\t\t\t\t\t<div class=\"elementor-tab-title elementor-tab-mobile-title\" aria-selected=\"false\" data-tab=\"3\" role=\"tab\" tabindex=\"-1\" aria-controls=\"elementor-tab-content-1913\" aria-expanded=\"false\">INDEPENDENCIA<\/div>\n\t\t\t\t\t<div id=\"elementor-tab-content-1913\" class=\"elementor-tab-content elementor-clearfix\" data-tab=\"3\" role=\"tabpanel\" aria-labelledby=\"elementor-tab-title-1913\" tabindex=\"0\" hidden=\"hidden\"><p>Nuestras\u00a0acciones son independientes y\u00a0 aut\u00f3nomas de objetivos pol\u00edticos, econ\u00f3micos o militares, ya sean de cualquier gobierno, inter\u00e9s o instituci\u00f3n con influencia en las zonas donde trabajamos.<\/p><\/div>\n\t\t\t\t\t\t\t\t\t<div class=\"elementor-tab-title elementor-tab-mobile-title\" aria-selected=\"false\" data-tab=\"4\" role=\"tab\" tabindex=\"-1\" aria-controls=\"elementor-tab-content-1914\" aria-expanded=\"false\">NEUTRALIDAD<\/div>\n\t\t\t\t\t<div id=\"elementor-tab-content-1914\" class=\"elementor-tab-content elementor-clearfix\" data-tab=\"4\" role=\"tabpanel\" aria-labelledby=\"elementor-tab-title-1914\" tabindex=\"0\" hidden=\"hidden\"><p>Como actores humanitarios no participamos en las hostilidades o controversias de car\u00e1cter \u00e9tnico, religioso, ideol\u00f3gico o de pol\u00edtica partidista.<\/p><\/div>\n\t\t\t\t\t\t\t<\/div>\n\t\t<\/div>\n\t\t\t\t<\/div>\n\t\t\t\t<\/div>\n\t\t\t\t\t<\/div>\n\t\t<\/div>\n\t\t\t\t\t<\/div>\n\t\t<\/section>\n\t\t\t\t<section class=\"elementor-section elementor-top-section elementor-element elementor-element-feea3fd animated-slow elementor-section-boxed elementor-section-height-default elementor-section-height-default elementor-invisible\" data-id=\"feea3fd\" data-element_type=\"section\" data-settings=\"{&quot;background_background&quot;:&quot;classic&quot;,&quot;animation&quot;:&quot;slideInLeft&quot;}\">\n\t\t\t\t\t\t<div class=\"elementor-container elementor-column-gap-default\">\n\t\t\t\t\t<div class=\"elementor-column elementor-col-50 elementor-top-column elementor-element elementor-element-2e71919\" data-id=\"2e71919\" data-element_type=\"column\">\n\t\t\t<div class=\"elementor-widget-wrap elementor-element-populated\">\n\t\t\t\t\t\t<div class=\"elementor-element elementor-element-caf6aef elementor-widget elementor-widget-image\" data-id=\"caf6aef\" data-element_type=\"widget\" data-widget_type=\"image.default\">\n\t\t\t\t<div class=\"elementor-widget-container\">\n\t\t\t\t\t\t\t\t\t\t\t\t\t<img decoding=\"async\" width=\"1024\" height=\"666\" src=\"https:\/\/forohumanitariocolombia.org\/wp-content\/uploads\/2022\/01\/Migracion-MdM-Colombia-4-1024x666.jpg\" class=\"attachment-large size-large wp-image-1777\" alt=\"\" srcset=\"https:\/\/forohumanitariocolombia.org\/wp-content\/uploads\/2022\/01\/Migracion-MdM-Colombia-4-1024x666.jpg 1024w, https:\/\/forohumanitariocolombia.org\/wp-content\/uploads\/2022\/01\/Migracion-MdM-Colombia-4-300x195.jpg 300w, https:\/\/forohumanitariocolombia.org\/wp-content\/uploads\/2022\/01\/Migracion-MdM-Colombia-4-768x499.jpg 768w, https:\/\/forohumanitariocolombia.org\/wp-content\/uploads\/2022\/01\/Migracion-MdM-Colombia-4-18x12.jpg 18w, https:\/\/forohumanitariocolombia.org\/wp-content\/uploads\/2022\/01\/Migracion-MdM-Colombia-4.jpg 1280w\" sizes=\"(max-width: 1024px) 100vw, 1024px\" \/>\t\t\t\t\t\t\t\t\t\t\t\t\t<\/div>\n\t\t\t\t<\/div>\n\t\t\t\t\t<\/div>\n\t\t<\/div>\n\t\t\t\t<div class=\"elementor-column elementor-col-50 elementor-top-column elementor-element elementor-element-f2ab1b9\" data-id=\"f2ab1b9\" data-element_type=\"column\">\n\t\t\t<div class=\"elementor-widget-wrap elementor-element-populated\">\n\t\t\t\t\t\t<div class=\"elementor-element elementor-element-0309465 elementor-widget elementor-widget-text-editor\" data-id=\"0309465\" data-element_type=\"widget\" data-widget_type=\"text-editor.default\">\n\t\t\t\t<div class=\"elementor-widget-container\">\n\t\t\t\t\t\t\t<p><span style=\"font-weight: 400;\">Aplicamos el principio de \u201c<\/span><b>no hacer da\u00f1o<\/b><span style=\"font-weight: 400;\">\u201d. Colaboramos con las comunidades y autoridades locales para minimizar posibles efectos negativos de la acci\u00f3n humanitaria en las personas o el medio ambiente.\u00a0<\/span><\/p><p><span style=\"font-weight: 400;\">Solicitamos a las partes que se respete nuestra acci\u00f3n y se garantice el<\/span><b> acceso humanitario<\/b><span style=\"font-weight: 400;\"> a las personas y comunidades en crisis, de acuerdo con los principios y el derecho internacional humanitario.<\/span><\/p><p><span style=\"font-weight: 400;\">Nos comprometemos a reforzar mecanismos de <\/span><b>protecci\u00f3n <\/b><span style=\"font-weight: 400;\">para las comunidades afectadas, compatibles con los principios humanitarios, y reconocemos que nuestra <\/span><b>presencia<\/b><span style=\"font-weight: 400;\"> contribuye a proteger la poblaci\u00f3n.<\/span><\/p><p>\u00a0<\/p>\t\t\t\t\t\t<\/div>\n\t\t\t\t<\/div>\n\t\t\t\t\t<\/div>\n\t\t<\/div>\n\t\t\t\t\t<\/div>\n\t\t<\/section>\n\t\t\t\t<section class=\"elementor-section elementor-top-section elementor-element elementor-element-a6acd37 animated-slow elementor-section-boxed elementor-section-height-default elementor-section-height-default elementor-invisible\" data-id=\"a6acd37\" data-element_type=\"section\" data-settings=\"{&quot;animation&quot;:&quot;slideInRight&quot;}\">\n\t\t\t\t\t\t<div class=\"elementor-container elementor-column-gap-default\">\n\t\t\t\t\t<div class=\"elementor-column elementor-col-100 elementor-top-column elementor-element elementor-element-f0758a4\" data-id=\"f0758a4\" data-element_type=\"column\">\n\t\t\t<div class=\"elementor-widget-wrap elementor-element-populated\">\n\t\t\t\t\t\t<div class=\"elementor-element elementor-element-993917f elementor-widget elementor-widget-text-editor\" data-id=\"993917f\" data-element_type=\"widget\" data-widget_type=\"text-editor.default\">\n\t\t\t\t<div class=\"elementor-widget-container\">\n\t\t\t\t\t\t\t<p><span style=\"font-weight: 400;\">Mantenemos altos niveles de <\/span><b>integridad<\/b><span style=\"font-weight: 400;\"> y profesionalismo en todas las esferas de conducta, con pol\u00edticas de tolerancia cero para la corrupci\u00f3n, la explotaci\u00f3n o el abuso sexual.\u00a0<\/span><\/p><p><b>Rendimos cuentas<\/b><span style=\"font-weight: 400;\"> e informamos de nuestras acciones al Gobierno y autoridades, comunidades locales, donantes, actores interesados y al p\u00fablico en general en Colombia y en nuestros pa\u00edses.<\/span><\/p><p>En l\u00ednea con los esfuerzos globales de localizaci\u00f3n, buscamos proporcionar apoyo para el liderazgo, la ejecuci\u00f3n y la capacidad de los equipos de respuesta locales y para la participaci\u00f3n de las comunidades afectadas en la respuesta a las necesidades<\/p><p><span style=\"font-weight: 400;\">Operamos como organizaciones <\/span><b>sin \u00e1nimo de lucro<\/b><span style=\"font-weight: 400;\">: nuestro prop\u00f3sito no es obtener beneficios.<\/span><\/p>\t\t\t\t\t\t<\/div>\n\t\t\t\t<\/div>\n\t\t\t\t\t<\/div>\n\t\t<\/div>\n\t\t\t\t\t<\/div>\n\t\t<\/section>\n\t\t\t\t<\/div>\n\t\t","protected":false},"excerpt":{"rendered":"<p>NOSOTROS Somos 37 organizaciones nacionales e internacionales, con un promedio de presencia en Colombia de 23 a\u00f1os. Trabajamos en 30 departamentos. Las organizaciones del Foro cuentan con 5,400\u00a0trabajadores\/as humanitarios\/as.\u00a0 Anualmente en promedio, a trav\u00e9s de las acciones de respuesta humanitaria de las organizaciones del Foro, se alcanza en promedio a 1,9 millones de personas anualmente.&hellip;<\/p>\n","protected":false},"author":1,"featured_media":0,"parent":0,"menu_order":0,"comment_status":"closed","ping_status":"closed","template":"elementor_header_footer","meta":{"_monsterinsights_skip_tracking":false,"_monsterinsights_sitenote_active":false,"_monsterinsights_sitenote_note":"","_monsterinsights_sitenote_category":0},"class_list":["post-11","page","type-page","status-publish","hentry","description-off"],"aioseo_notices":[],"_links":{"self":[{"href":"https:\/\/forohumanitariocolombia.org\/es_es\/wp-json\/wp\/v2\/pages\/11","targetHints":{"allow":["GET"]}}],"collection":[{"href":"https:\/\/forohumanitariocolombia.org\/es_es\/wp-json\/wp\/v2\/pages"}],"about":[{"href":"https:\/\/forohumanitariocolombia.org\/es_es\/wp-json\/wp\/v2\/types\/page"}],"author":[{"embeddable":true,"href":"https:\/\/forohumanitariocolombia.org\/es_es\/wp-json\/wp\/v2\/users\/1"}],"replies":[{"embeddable":true,"href":"https:\/\/forohumanitariocolombia.org\/es_es\/wp-json\/wp\/v2\/comments?post=11"}],"version-history":[{"count":3,"href":"https:\/\/forohumanitariocolombia.org\/es_es\/wp-json\/wp\/v2\/pages\/11\/revisions"}],"predecessor-version":[{"id":3857,"href":"https:\/\/forohumanitariocolombia.org\/es_es\/wp-json\/wp\/v2\/pages\/11\/revisions\/3857"}],"wp:attachment":[{"href":"https:\/\/forohumanitariocolombia.org\/es_es\/wp-json\/wp\/v2\/media?parent=11"}],"curies":[{"name":"wp","href":"https:\/\/api.w.org\/{rel}","templated":true}]}}