{"id":1902,"date":"2022-01-20T19:16:44","date_gmt":"2022-01-20T19:16:44","guid":{"rendered":"https:\/\/forohumanitariocolombia.org\/?page_id=1902"},"modified":"2022-01-20T19:18:04","modified_gmt":"2022-01-20T19:18:04","slug":"la-presencia-del-foro-de-organizaciones-humanitarias-para-la-respuesta-en-colombia","status":"publish","type":"page","link":"https:\/\/forohumanitariocolombia.org\/es_es\/la-presencia-del-foro-de-organizaciones-humanitarias-para-la-respuesta-en-colombia\/","title":{"rendered":"La presencia del Foro de Organizaciones humanitarias para la Respuesta en Colombia"},"content":{"rendered":"\t\t<div data-elementor-type=\"wp-page\" data-elementor-id=\"1902\" class=\"elementor elementor-1902\">\n\t\t\t\t\t\t<section class=\"elementor-section elementor-top-section elementor-element elementor-element-ad981c3 elementor-section-full_width elementor-section-height-default elementor-section-height-default\" data-id=\"ad981c3\" data-element_type=\"section\">\n\t\t\t\t\t\t<div class=\"elementor-container elementor-column-gap-default\">\n\t\t\t\t\t<div class=\"elementor-column elementor-col-100 elementor-top-column elementor-element elementor-element-ad0bd8b\" data-id=\"ad0bd8b\" data-element_type=\"column\">\n\t\t\t<div class=\"elementor-widget-wrap elementor-element-populated\">\n\t\t\t\t\t\t<div class=\"elementor-element elementor-element-225b5f3 elementor-widget elementor-widget-image\" data-id=\"225b5f3\" data-element_type=\"widget\" data-widget_type=\"image.default\">\n\t\t\t\t<div class=\"elementor-widget-container\">\n\t\t\t\t\t\t\t\t\t\t\t\t\t<img fetchpriority=\"high\" decoding=\"async\" width=\"2048\" height=\"1154\" src=\"https:\/\/forohumanitariocolombia.org\/wp-content\/uploads\/2022\/01\/pp-2048x1154.jpg\" class=\"attachment-2048x2048 size-2048x2048 wp-image-2097\" alt=\"\" srcset=\"https:\/\/forohumanitariocolombia.org\/wp-content\/uploads\/2022\/01\/pp-2048x1154.jpg 2048w, https:\/\/forohumanitariocolombia.org\/wp-content\/uploads\/2022\/01\/pp-300x169.jpg 300w, https:\/\/forohumanitariocolombia.org\/wp-content\/uploads\/2022\/01\/pp-1024x577.jpg 1024w, https:\/\/forohumanitariocolombia.org\/wp-content\/uploads\/2022\/01\/pp-768x433.jpg 768w, https:\/\/forohumanitariocolombia.org\/wp-content\/uploads\/2022\/01\/pp-1536x866.jpg 1536w, https:\/\/forohumanitariocolombia.org\/wp-content\/uploads\/2022\/01\/pp-18x10.jpg 18w\" sizes=\"(max-width: 2048px) 100vw, 2048px\" \/>\t\t\t\t\t\t\t\t\t\t\t\t\t<\/div>\n\t\t\t\t<\/div>\n\t\t\t\t\t<\/div>\n\t\t<\/div>\n\t\t\t\t\t<\/div>\n\t\t<\/section>\n\t\t\t\t<section class=\"elementor-section elementor-top-section elementor-element elementor-element-78e46a7 elementor-section-boxed elementor-section-height-default elementor-section-height-default\" data-id=\"78e46a7\" data-element_type=\"section\">\n\t\t\t\t\t\t<div class=\"elementor-container elementor-column-gap-default\">\n\t\t\t\t\t<div class=\"elementor-column elementor-col-100 elementor-top-column elementor-element elementor-element-1969eb0\" data-id=\"1969eb0\" data-element_type=\"column\">\n\t\t\t<div class=\"elementor-widget-wrap elementor-element-populated\">\n\t\t\t\t\t\t<div class=\"elementor-element elementor-element-ab55259 elementor-widget elementor-widget-heading\" data-id=\"ab55259\" data-element_type=\"widget\" data-widget_type=\"heading.default\">\n\t\t\t\t<div class=\"elementor-widget-container\">\n\t\t\t<h2 class=\"elementor-heading-title elementor-size-default\">La presencia del Foro de Organizaciones humanitarias para la Respuesta en Colombia <\/h2>\t\t<\/div>\n\t\t\t\t<\/div>\n\t\t\t\t\t<\/div>\n\t\t<\/div>\n\t\t\t\t\t<\/div>\n\t\t<\/section>\n\t\t\t\t<section class=\"elementor-section elementor-top-section elementor-element elementor-element-cd621de elementor-section-boxed elementor-section-height-default elementor-section-height-default\" data-id=\"cd621de\" data-element_type=\"section\">\n\t\t\t\t\t\t<div class=\"elementor-container elementor-column-gap-default\">\n\t\t\t\t\t<div class=\"elementor-column elementor-col-100 elementor-top-column elementor-element elementor-element-456311a\" data-id=\"456311a\" data-element_type=\"column\">\n\t\t\t<div class=\"elementor-widget-wrap elementor-element-populated\">\n\t\t\t\t\t\t<div class=\"elementor-element elementor-element-266743c elementor-widget elementor-widget-text-editor\" data-id=\"266743c\" data-element_type=\"widget\" data-widget_type=\"text-editor.default\">\n\t\t\t\t<div class=\"elementor-widget-container\">\n\t\t\t\t\t\t\t<p>En total las organizaciones del Foro tienen presencia a trav\u00e9s de oficinas, de acciones directas o a trav\u00e9s de socios implementadores en los 32 departamentos del pa\u00eds.<\/p>\t\t\t\t\t\t<\/div>\n\t\t\t\t<\/div>\n\t\t\t\t\t<\/div>\n\t\t<\/div>\n\t\t\t\t\t<\/div>\n\t\t<\/section>\n\t\t\t\t<section class=\"elementor-section elementor-top-section elementor-element elementor-element-719ec30 elementor-section-boxed elementor-section-height-default elementor-section-height-default\" data-id=\"719ec30\" data-element_type=\"section\">\n\t\t\t\t\t\t<div class=\"elementor-container elementor-column-gap-default\">\n\t\t\t\t\t<div class=\"elementor-column elementor-col-50 elementor-top-column elementor-element elementor-element-dd82782\" data-id=\"dd82782\" data-element_type=\"column\">\n\t\t\t<div class=\"elementor-widget-wrap elementor-element-populated\">\n\t\t\t\t\t\t<div class=\"elementor-element elementor-element-058ab95 elementor-widget elementor-widget-text-editor\" data-id=\"058ab95\" data-element_type=\"widget\" data-widget_type=\"text-editor.default\">\n\t\t\t\t<div class=\"elementor-widget-container\">\n\t\t\t\t\t\t\t<p style=\"text-align: left;\">Este mapa se refiere a los departamentos en los que las organizaciones del Foro, tienen oficinas, acciones directas o acciones indirectas a trav\u00e9s de socios implementadores.\u00a0<\/p><p style=\"text-align: left;\">Para descargar el mapa en PDF, haga click <a href=\"http:\/\/forohumanitariocolombia.org\/wp-content\/uploads\/2021\/09\/210914_PresenciaOrganizaciones_ForoONG_2021-1.pdf\">aqu\u00ed<\/a>.<\/p>\t\t\t\t\t\t<\/div>\n\t\t\t\t<\/div>\n\t\t\t\t<div class=\"elementor-element elementor-element-141aef9 elementor-widget elementor-widget-html\" data-id=\"141aef9\" data-element_type=\"widget\" data-widget_type=\"html.default\">\n\t\t\t\t<div class=\"elementor-widget-container\">\n\t\t\t<iframe title=\"Presencia Foro ONG\" aria-label=\"Map\" id=\"datawrapper-chart-C13k9\" src=\"https:\/\/datawrapper.dwcdn.net\/C13k9\/2\/\" scrolling=\"no\" frameborder=\"0\" style=\"border: none;\" width=\"600\" height=\"777\"><\/iframe>\t\t<\/div>\n\t\t\t\t<\/div>\n\t\t\t\t\t<\/div>\n\t\t<\/div>\n\t\t\t\t<div class=\"elementor-column elementor-col-50 elementor-top-column elementor-element elementor-element-7d7254d\" data-id=\"7d7254d\" data-element_type=\"column\">\n\t\t\t<div class=\"elementor-widget-wrap elementor-element-populated\">\n\t\t\t\t\t\t<div class=\"elementor-element elementor-element-96d8b7f elementor-widget elementor-widget-text-editor\" data-id=\"96d8b7f\" data-element_type=\"widget\" data-widget_type=\"text-editor.default\">\n\t\t\t\t<div class=\"elementor-widget-container\">\n\t\t\t\t\t\t\t<p style=\"text-align: left;\">Este mapa se refiere a los departamentos en los que las organizaciones del Foro, tienen oficinas territoriales.\u00a0<\/p><p style=\"text-align: left;\"><span style=\"color: var( --e-global-color-text ); font-family: var( --e-global-typography-text-font-family ), Sans-serif; font-weight: var( --e-global-typography-text-font-weight ); word-spacing: normal;\">\u00a0<\/span><\/p><p style=\"text-align: left;\"><span style=\"color: var( --e-global-color-text ); font-family: var( --e-global-typography-text-font-family ), Sans-serif; font-weight: var( --e-global-typography-text-font-weight ); word-spacing: normal;\">\u00a0<\/span><\/p>\t\t\t\t\t\t<\/div>\n\t\t\t\t<\/div>\n\t\t\t\t<div class=\"elementor-element elementor-element-516b477 elementor-widget elementor-widget-html\" data-id=\"516b477\" data-element_type=\"widget\" data-widget_type=\"html.default\">\n\t\t\t\t<div class=\"elementor-widget-container\">\n\t\t\t <iframe title=\"Organizaciones con Oficina en Terreno\" aria-label=\"Map\" id=\"datawrapper-chart-LKoy9\" src=\"https:\/\/datawrapper.dwcdn.net\/LKoy9\/1\/\" scrolling=\"no\" frameborder=\"0\" style=\"border: none;\" width=\"600\" height=\"777\"><\/iframe>\t\t<\/div>\n\t\t\t\t<\/div>\n\t\t\t\t\t<\/div>\n\t\t<\/div>\n\t\t\t\t\t<\/div>\n\t\t<\/section>\n\t\t\t\t<section class=\"elementor-section elementor-top-section elementor-element elementor-element-cd97b82 elementor-section-boxed elementor-section-height-default elementor-section-height-default\" data-id=\"cd97b82\" data-element_type=\"section\">\n\t\t\t\t\t\t<div class=\"elementor-container elementor-column-gap-default\">\n\t\t\t\t\t<div class=\"elementor-column elementor-col-100 elementor-top-column elementor-element elementor-element-0b974ea\" data-id=\"0b974ea\" data-element_type=\"column\">\n\t\t\t<div class=\"elementor-widget-wrap elementor-element-populated\">\n\t\t\t\t\t\t<div class=\"elementor-element elementor-element-4d007b1 elementor-widget elementor-widget-text-editor\" data-id=\"4d007b1\" data-element_type=\"widget\" data-widget_type=\"text-editor.default\">\n\t\t\t\t<div class=\"elementor-widget-container\">\n\t\t\t\t\t\t\t<p>Para conocer cuales son las organizaciones que est\u00e1n en cada departamento, pase el cursor sobre el mapa. En la barra superior se mostrar\u00e1 el n\u00famero total de organizaciones y en se mostrar\u00e1 un <em>tooltip<\/em> con el listado de las organizaciones.\u00a0<\/p>\t\t\t\t\t\t<\/div>\n\t\t\t\t<\/div>\n\t\t\t\t\t<\/div>\n\t\t<\/div>\n\t\t\t\t\t<\/div>\n\t\t<\/section>\n\t\t\t\t<section class=\"elementor-section elementor-top-section elementor-element elementor-element-62ace6f elementor-section-boxed elementor-section-height-default elementor-section-height-default\" data-id=\"62ace6f\" data-element_type=\"section\">\n\t\t\t\t\t\t<div class=\"elementor-container elementor-column-gap-default\">\n\t\t\t\t\t<div class=\"elementor-column elementor-col-100 elementor-top-column elementor-element elementor-element-2d56b6e\" data-id=\"2d56b6e\" data-element_type=\"column\">\n\t\t\t<div class=\"elementor-widget-wrap elementor-element-populated\">\n\t\t\t\t\t\t<div class=\"elementor-element elementor-element-e2c02b5 elementor-widget-divider--view-line elementor-widget elementor-widget-divider\" data-id=\"e2c02b5\" data-element_type=\"widget\" data-widget_type=\"divider.default\">\n\t\t\t\t<div class=\"elementor-widget-container\">\n\t\t\t\t\t<div class=\"elementor-divider\">\n\t\t\t<span class=\"elementor-divider-separator\">\n\t\t\t\t\t\t<\/span>\n\t\t<\/div>\n\t\t\t\t<\/div>\n\t\t\t\t<\/div>\n\t\t\t\t\t<\/div>\n\t\t<\/div>\n\t\t\t\t\t<\/div>\n\t\t<\/section>\n\t\t\t\t<section class=\"elementor-section elementor-top-section elementor-element elementor-element-71e8980 elementor-section-boxed elementor-section-height-default elementor-section-height-default\" data-id=\"71e8980\" data-element_type=\"section\">\n\t\t\t\t\t\t<div class=\"elementor-container elementor-column-gap-default\">\n\t\t\t\t\t<div class=\"elementor-column elementor-col-100 elementor-top-column elementor-element elementor-element-b9a451d\" data-id=\"b9a451d\" data-element_type=\"column\">\n\t\t\t<div class=\"elementor-widget-wrap elementor-element-populated\">\n\t\t\t\t\t\t<div class=\"elementor-element elementor-element-e88bc16 elementor-widget elementor-widget-heading\" data-id=\"e88bc16\" data-element_type=\"widget\" data-widget_type=\"heading.default\">\n\t\t\t\t<div class=\"elementor-widget-container\">\n\t\t\t<h2 class=\"elementor-heading-title elementor-size-default\"> SOCIOS IMPLEMENTADORES DEL FORO DE ORGANIZACIONES HUMANITARIAS<\/h2>\t\t<\/div>\n\t\t\t\t<\/div>\n\t\t\t\t\t<\/div>\n\t\t<\/div>\n\t\t\t\t\t<\/div>\n\t\t<\/section>\n\t\t\t\t<section class=\"elementor-section elementor-top-section elementor-element elementor-element-738fd77 elementor-section-boxed elementor-section-height-default elementor-section-height-default\" data-id=\"738fd77\" data-element_type=\"section\">\n\t\t\t\t\t\t<div class=\"elementor-container elementor-column-gap-default\">\n\t\t\t\t\t<div class=\"elementor-column elementor-col-100 elementor-top-column elementor-element elementor-element-b9082a9\" data-id=\"b9082a9\" data-element_type=\"column\">\n\t\t\t<div class=\"elementor-widget-wrap elementor-element-populated\">\n\t\t\t\t\t\t<div class=\"elementor-element elementor-element-3b59225 elementor-widget elementor-widget-text-editor\" data-id=\"3b59225\" data-element_type=\"widget\" data-widget_type=\"text-editor.default\">\n\t\t\t\t<div class=\"elementor-widget-container\">\n\t\t\t\t\t\t\t<div class=\"page\" title=\"Page 1\">Las organizaciones del Foro de ONG Humanitarias en li\u0301nea con <strong>los esfuerzos globales de localizacio\u0301n<\/strong>, buscan proporcionar apoyo para el liderazgo, la ejecucio\u0301n y la capacidad de los equipos de respuesta locales y para la participacio\u0301n de las comunidades afectadas en la respuesta a las necesidades, como parte de este esfuerzo, esta infografi\u0301a muestra aquellas organizaciones nacionales y locales que contribuyen a la respuesta humanitaria del Foro en Colombia.<\/div><div class=\"page\" title=\"Page 1\"><br \/><div class=\"layoutArea\"><div class=\"column\"><p>En el primer semestre de 2021, las organizaciones nacionales e internacionales del Foro alcanzaron a 2 millones de personas afectadas por el conflicto armado, desastres naturales, COVID y personas refugiadas y migrantes provenientes de Venezuela. En este periodo 1 de cada 10 personas alcanzadas con respuesta humanitaria por el Foro, fue gracias a la capacidad de organizaciones socias implementadoras locales<\/p><\/div><\/div><\/div>\t\t\t\t\t\t<\/div>\n\t\t\t\t<\/div>\n\t\t\t\t\t<\/div>\n\t\t<\/div>\n\t\t\t\t\t<\/div>\n\t\t<\/section>\n\t\t\t\t<section class=\"elementor-section elementor-top-section elementor-element elementor-element-f262e11 elementor-section-boxed elementor-section-height-default elementor-section-height-default\" data-id=\"f262e11\" data-element_type=\"section\">\n\t\t\t\t\t\t<div class=\"elementor-container elementor-column-gap-default\">\n\t\t\t\t\t<div class=\"elementor-column elementor-col-16 elementor-top-column elementor-element elementor-element-cfbfd0f\" data-id=\"cfbfd0f\" data-element_type=\"column\">\n\t\t\t<div class=\"elementor-widget-wrap\">\n\t\t\t\t\t\t\t<\/div>\n\t\t<\/div>\n\t\t\t\t<div class=\"elementor-column elementor-col-66 elementor-top-column elementor-element elementor-element-917d8b2\" data-id=\"917d8b2\" data-element_type=\"column\">\n\t\t\t<div class=\"elementor-widget-wrap elementor-element-populated\">\n\t\t\t\t\t\t<div class=\"elementor-element elementor-element-d456d7e elementor-widget elementor-widget-image\" data-id=\"d456d7e\" data-element_type=\"widget\" data-widget_type=\"image.default\">\n\t\t\t\t<div class=\"elementor-widget-container\">\n\t\t\t\t\t\t\t\t\t\t\t\t\t<img decoding=\"async\" width=\"501\" height=\"756\" src=\"https:\/\/forohumanitariocolombia.org\/wp-content\/uploads\/2022\/01\/Screen-Shot-2022-01-20-at-2.11.58-PM.png\" class=\"attachment-large size-large wp-image-2096\" alt=\"\" srcset=\"https:\/\/forohumanitariocolombia.org\/wp-content\/uploads\/2022\/01\/Screen-Shot-2022-01-20-at-2.11.58-PM.png 501w, https:\/\/forohumanitariocolombia.org\/wp-content\/uploads\/2022\/01\/Screen-Shot-2022-01-20-at-2.11.58-PM-199x300.png 199w, https:\/\/forohumanitariocolombia.org\/wp-content\/uploads\/2022\/01\/Screen-Shot-2022-01-20-at-2.11.58-PM-8x12.png 8w\" sizes=\"(max-width: 501px) 100vw, 501px\" \/>\t\t\t\t\t\t\t\t\t\t\t\t\t<\/div>\n\t\t\t\t<\/div>\n\t\t\t\t<div class=\"elementor-element elementor-element-b96f7aa elementor-align-center elementor-widget elementor-widget-button\" data-id=\"b96f7aa\" data-element_type=\"widget\" data-widget_type=\"button.default\">\n\t\t\t\t<div class=\"elementor-widget-container\">\n\t\t\t\t\t<div class=\"elementor-button-wrapper\">\n\t\t\t<a class=\"elementor-button elementor-button-link elementor-size-sm\" href=\"http:\/\/forohumanitariocolombia.org\/wp-content\/uploads\/2021\/11\/INFOGRAFIA-SOCIOS-IMPLEMENTADORES-3.pdf\">\n\t\t\t\t\t\t<span class=\"elementor-button-content-wrapper\">\n\t\t\t\t\t\t\t\t\t<span class=\"elementor-button-text\">Ver m\u00e1s aqu\u00ed<\/span>\n\t\t\t\t\t<\/span>\n\t\t\t\t\t<\/a>\n\t\t<\/div>\n\t\t\t\t<\/div>\n\t\t\t\t<\/div>\n\t\t\t\t\t<\/div>\n\t\t<\/div>\n\t\t\t\t<div class=\"elementor-column elementor-col-16 elementor-top-column elementor-element elementor-element-dfff54c\" data-id=\"dfff54c\" data-element_type=\"column\">\n\t\t\t<div class=\"elementor-widget-wrap\">\n\t\t\t\t\t\t\t<\/div>\n\t\t<\/div>\n\t\t\t\t\t<\/div>\n\t\t<\/section>\n\t\t\t\t<section class=\"elementor-section elementor-top-section elementor-element elementor-element-038829b elementor-section-boxed elementor-section-height-default elementor-section-height-default\" data-id=\"038829b\" data-element_type=\"section\">\n\t\t\t\t\t\t<div class=\"elementor-container elementor-column-gap-default\">\n\t\t\t\t\t<div class=\"elementor-column elementor-col-100 elementor-top-column elementor-element elementor-element-753c53f\" data-id=\"753c53f\" data-element_type=\"column\">\n\t\t\t<div class=\"elementor-widget-wrap elementor-element-populated\">\n\t\t\t\t\t\t<div class=\"elementor-element elementor-element-8b8ec1b elementor-widget elementor-widget-spacer\" data-id=\"8b8ec1b\" data-element_type=\"widget\" data-widget_type=\"spacer.default\">\n\t\t\t\t<div class=\"elementor-widget-container\">\n\t\t\t\t\t<div class=\"elementor-spacer\">\n\t\t\t<div class=\"elementor-spacer-inner\"><\/div>\n\t\t<\/div>\n\t\t\t\t<\/div>\n\t\t\t\t<\/div>\n\t\t\t\t\t<\/div>\n\t\t<\/div>\n\t\t\t\t\t<\/div>\n\t\t<\/section>\n\t\t\t\t<\/div>\n\t\t","protected":false},"excerpt":{"rendered":"<p>La presencia del Foro de Organizaciones humanitarias para la Respuesta en Colombia En total las organizaciones del Foro tienen presencia a trav\u00e9s de oficinas, de acciones directas o a trav\u00e9s de socios implementadores en los 32 departamentos del pa\u00eds. Este mapa se refiere a los departamentos en los que las organizaciones del Foro, tienen oficinas,&hellip;<\/p>\n","protected":false},"author":7,"featured_media":0,"parent":0,"menu_order":0,"comment_status":"closed","ping_status":"closed","template":"","meta":{"_monsterinsights_skip_tracking":false,"_monsterinsights_sitenote_active":false,"_monsterinsights_sitenote_note":"","_monsterinsights_sitenote_category":0},"class_list":["post-1902","page","type-page","status-publish","hentry","description-off"],"aioseo_notices":[],"_links":{"self":[{"href":"https:\/\/forohumanitariocolombia.org\/es_es\/wp-json\/wp\/v2\/pages\/1902","targetHints":{"allow":["GET"]}}],"collection":[{"href":"https:\/\/forohumanitariocolombia.org\/es_es\/wp-json\/wp\/v2\/pages"}],"about":[{"href":"https:\/\/forohumanitariocolombia.org\/es_es\/wp-json\/wp\/v2\/types\/page"}],"author":[{"embeddable":true,"href":"https:\/\/forohumanitariocolombia.org\/es_es\/wp-json\/wp\/v2\/users\/7"}],"replies":[{"embeddable":true,"href":"https:\/\/forohumanitariocolombia.org\/es_es\/wp-json\/wp\/v2\/comments?post=1902"}],"version-history":[{"count":0,"href":"https:\/\/forohumanitariocolombia.org\/es_es\/wp-json\/wp\/v2\/pages\/1902\/revisions"}],"wp:attachment":[{"href":"https:\/\/forohumanitariocolombia.org\/es_es\/wp-json\/wp\/v2\/media?parent=1902"}],"curies":[{"name":"wp","href":"https:\/\/api.w.org\/{rel}","templated":true}]}}