{"id":2042,"date":"2022-01-20T16:38:29","date_gmt":"2022-01-20T16:38:29","guid":{"rendered":"https:\/\/forohumanitariocolombia.org\/?page_id=2042"},"modified":"2026-03-17T17:29:59","modified_gmt":"2026-03-17T17:29:59","slug":"migrantes-y-refugiados","status":"publish","type":"page","link":"https:\/\/forohumanitariocolombia.org\/es_es\/situacion-humanitaria\/migrantes-y-refugiados\/","title":{"rendered":"Migrantes y refugiados"},"content":{"rendered":"\t\t<div data-elementor-type=\"wp-page\" data-elementor-id=\"2042\" class=\"elementor elementor-2042\">\n\t\t\t\t\t\t<section class=\"elementor-section elementor-top-section elementor-element elementor-element-06f00a6 elementor-section-full_width elementor-section-height-default elementor-section-height-default\" data-id=\"06f00a6\" data-element_type=\"section\">\n\t\t\t\t\t\t<div class=\"elementor-container elementor-column-gap-default\">\n\t\t\t\t\t<div class=\"elementor-column elementor-col-100 elementor-top-column elementor-element elementor-element-f247bbc\" data-id=\"f247bbc\" data-element_type=\"column\">\n\t\t\t<div class=\"elementor-widget-wrap elementor-element-populated\">\n\t\t\t\t\t\t<div class=\"elementor-element elementor-element-00ab530 animated-slow elementor-invisible elementor-widget elementor-widget-prime-slider-dragon\" data-id=\"00ab530\" data-element_type=\"widget\" data-settings=\"{&quot;_animation&quot;:&quot;slideInLeft&quot;}\" data-widget_type=\"prime-slider-dragon.default\">\n\t\t\t\t<div class=\"elementor-widget-container\">\n\t\t\t\t\t<div class=\"bdt-prime-slider\">\n\t\t\t<div class=\"bdt-prime-slider-dragon\">\n\t\t\t\t<div class=\"bdt-position-relative bdt-visible-toggle\" data-settings=\"{&quot;id&quot;:&quot;#bdt-00ab530&quot;,&quot;animation_status&quot;:&quot;no&quot;}\" id=\"bdt-00ab530\" bdt-slideshow=\"{&quot;animation&quot;:&quot;fade&quot;,&quot;ratio&quot;:&quot;16:9&quot;,&quot;min-height&quot;:&quot;440&quot;,&quot;autoplay&quot;:true,&quot;autoplay-interval&quot;:7000,&quot;pause-on-hover&quot;:false,&quot;velocity&quot;:1,&quot;finite&quot;:false}\">\n\t\t\t\t\t<ul class=\"bdt-slideshow-items\">\n\t\t\t\t\t\t\t\t<li class=\"bdt-slideshow-item bdt-flex bdt-flex-middle elementor-repeater-item-2a9dbaa\">\n\n\t\t\t<div class=\"bdt-ps-dragon-bg\">\n\t\t\t\t\n\t\t<div class=\"bdt-ps-slide-img\" style=\"background-image: url('https:\/\/forohumanitariocolombia.org\/wp-content\/uploads\/2022\/01\/CO_GUAJIRA_ADN-DIGNIDAD_ACH-NRC-DRC-2.jpg')\"><\/div>\n\n\t\t\t\t\t<\/div>\n\n\t\t\t<div class=\"bdt-ps-dragon-slide-image\">\n\t\t\t\t\n\t\t<div class=\"bdt-ps-slide-img\" style=\"background-image: url('https:\/\/forohumanitariocolombia.org\/wp-content\/uploads\/2022\/01\/CO_GUAJIRA_ADN-DIGNIDAD_ACH-NRC-DRC-2.jpg')\"><\/div>\n\n\t\t\t\t\t<\/div>\n\n\t\t\t\t\t\t\t<div class=\"bdt-overlay-default bdt-position-cover bdt-blend-multiply\"><\/div>\n\t\t\t\t\t\t\n\t\t\t\t\t<div class=\"bdt-prime-slider-wrapper\">\n\t\t\t<div class=\"bdt-prime-slider-content\">\n\n\t\t\t\t\n\t\t\t\t\t\t\t\t\t<div class=\"bdt-main-title\">\n\t\t\t\t\t\t<h1 class=\"bdt-title-tag\" data-bdt-slideshow-parallax=\"x: 200,-200; opacity: 1,1,0\"  data-reveal=\"reveal-active\">\n\t\t\t\t\t\t\t\t\t\t\t\t\t\t\t<span class=\"frist-word\">Refugiados<\/span> y migrantes\t\t\t\t\t\t\t\t\t\t\t\t\t\t<\/h1>\n\t\t\t\t\t<\/div>\n\t\t\t\t\n\t\t\t\t\n\t\t\t\t<div data-bdt-slideshow-parallax=\"x: 400,-400; opacity: 1,1,0\">\n\t\t\t\t\t\n\t\t\t\t\t\t<\/div>\n\t\t\t\t\t\n\t\t\t<\/div>\n\t\t<\/div>\n        \n\t\t<\/li>\n        \n\t\t\t\t\t<\/ul>\n\n\t\t\t\t\t            \n        \t\t\t\t\t\n\t\t\t\t<\/div>\n\t\t\t\t\t\t\t<\/div>\n\t\t<\/div>\n        \t\t<\/div>\n\t\t\t\t<\/div>\n\t\t\t\t\t<\/div>\n\t\t<\/div>\n\t\t\t\t\t<\/div>\n\t\t<\/section>\n\t\t\t\t<section class=\"elementor-section elementor-top-section elementor-element elementor-element-8a47527 elementor-section-boxed elementor-section-height-default elementor-section-height-default\" data-id=\"8a47527\" data-element_type=\"section\">\n\t\t\t\t\t\t<div class=\"elementor-container elementor-column-gap-default\">\n\t\t\t\t\t<div class=\"elementor-column elementor-col-100 elementor-top-column elementor-element elementor-element-40b0256\" data-id=\"40b0256\" data-element_type=\"column\">\n\t\t\t<div class=\"elementor-widget-wrap elementor-element-populated\">\n\t\t\t\t\t\t<div class=\"elementor-element elementor-element-bbe255e elementor-widget elementor-widget-text-editor\" data-id=\"bbe255e\" data-element_type=\"widget\" data-widget_type=\"text-editor.default\">\n\t\t\t\t<div class=\"elementor-widget-container\">\n\t\t\t\t\t\t\t<p>A continuaci\u00f3n se presentan insumos de informaci\u00f3n sobre la situaci\u00f3n humanitaria de refugiados y migrantes en Colombia. Que incluye informaci\u00f3n tanto de poblaci\u00f3n proveniente de Venezuela, como migrantes en tr\u00e1nsito proveniente de otros pa\u00edses, regiones y continentes.\u00a0<\/p>\t\t\t\t\t\t<\/div>\n\t\t\t\t<\/div>\n\t\t\t\t\t<\/div>\n\t\t<\/div>\n\t\t\t\t\t<\/div>\n\t\t<\/section>\n\t\t\t\t<section class=\"elementor-section elementor-top-section elementor-element elementor-element-7d57f89 elementor-section-boxed elementor-section-height-default elementor-section-height-default\" data-id=\"7d57f89\" data-element_type=\"section\">\n\t\t\t\t\t\t<div class=\"elementor-container elementor-column-gap-default\">\n\t\t\t\t\t<div class=\"elementor-column elementor-col-100 elementor-top-column elementor-element elementor-element-04b746b\" data-id=\"04b746b\" data-element_type=\"column\">\n\t\t\t<div class=\"elementor-widget-wrap elementor-element-populated\">\n\t\t\t\t\t\t<div class=\"elementor-element elementor-element-c893118 elementor-widget elementor-widget-accordion\" data-id=\"c893118\" data-element_type=\"widget\" data-widget_type=\"accordion.default\">\n\t\t\t\t<div class=\"elementor-widget-container\">\n\t\t\t\t\t<div class=\"elementor-accordion\">\n\t\t\t\t\t\t\t<div class=\"elementor-accordion-item\">\n\t\t\t\t\t<div id=\"elementor-tab-title-2101\" class=\"elementor-tab-title\" data-tab=\"1\" role=\"button\" aria-controls=\"elementor-tab-content-2101\" aria-expanded=\"false\">\n\t\t\t\t\t\t\t\t\t\t\t\t\t<span class=\"elementor-accordion-icon elementor-accordion-icon-left\" aria-hidden=\"true\">\n\t\t\t\t\t\t\t\t\t\t\t\t\t\t\t<span class=\"elementor-accordion-icon-closed\"><i class=\"fas fa-plus\"><\/i><\/span>\n\t\t\t\t\t\t\t\t<span class=\"elementor-accordion-icon-opened\"><i class=\"fas fa-minus\"><\/i><\/span>\n\t\t\t\t\t\t\t\t\t\t\t\t\t\t<\/span>\n\t\t\t\t\t\t\t\t\t\t\t\t<a class=\"elementor-accordion-title\" tabindex=\"0\">Intenci\u00f3n de retorno a Venezuela de la poblaci\u00f3n venezolana en Colombia, Enero 2026<\/a>\n\t\t\t\t\t<\/div>\n\t\t\t\t\t<div id=\"elementor-tab-content-2101\" class=\"elementor-tab-content elementor-clearfix\" data-tab=\"1\" role=\"region\" aria-labelledby=\"elementor-tab-title-2101\"><p>El objetivo de esta infograf\u00eda es ilustrar las intenciones de retorno de las personas que nacieron en Venezuela y se encontraban residiendo en Colombia en Enero de 2026<\/p><p><a title=\"Infograf\u00eda\" href=\"https:\/\/forohumanitariocolombia.org\/wp-content\/uploads\/2026\/03\/Infografia-intenciones-de-retorno-vf.pdf\">INFOGRAF\u00cdA<\/a><\/p><\/div>\n\t\t\t\t<\/div>\n\t\t\t\t\t\t\t<div class=\"elementor-accordion-item\">\n\t\t\t\t\t<div id=\"elementor-tab-title-2102\" class=\"elementor-tab-title\" data-tab=\"2\" role=\"button\" aria-controls=\"elementor-tab-content-2102\" aria-expanded=\"false\">\n\t\t\t\t\t\t\t\t\t\t\t\t\t<span class=\"elementor-accordion-icon elementor-accordion-icon-left\" aria-hidden=\"true\">\n\t\t\t\t\t\t\t\t\t\t\t\t\t\t\t<span class=\"elementor-accordion-icon-closed\"><i class=\"fas fa-plus\"><\/i><\/span>\n\t\t\t\t\t\t\t\t<span class=\"elementor-accordion-icon-opened\"><i class=\"fas fa-minus\"><\/i><\/span>\n\t\t\t\t\t\t\t\t\t\t\t\t\t\t<\/span>\n\t\t\t\t\t\t\t\t\t\t\t\t<a class=\"elementor-accordion-title\" tabindex=\"0\">Retos de la regularizaci\u00f3n 2024<\/a>\n\t\t\t\t\t<\/div>\n\t\t\t\t\t<div id=\"elementor-tab-content-2102\" class=\"elementor-tab-content elementor-clearfix\" data-tab=\"2\" role=\"region\" aria-labelledby=\"elementor-tab-title-2102\"><p>El objetivo de esta infograf\u00eda es ilustrar algunos de los retos, barreras y necesidades en torno a la regularizaci\u00f3n, en especial para quienes recientemente han ingresado al pa\u00eds y quienes est\u00e1n en proceso de regularizaci\u00f3n.<\/p><p><iframe title=\"Distribuci\u00f3n poblaci\u00f3n venezolana\" src=\"https:\/\/forohumanitariocolombia.org\/wp-content\/uploads\/2024\/06\/jun_FORO_Retos-de-la-regularizacion_V3.pdf\" width=\"300\" height=\"600\"><\/iframe><\/p><\/div>\n\t\t\t\t<\/div>\n\t\t\t\t\t\t\t<div class=\"elementor-accordion-item\">\n\t\t\t\t\t<div id=\"elementor-tab-title-2103\" class=\"elementor-tab-title\" data-tab=\"3\" role=\"button\" aria-controls=\"elementor-tab-content-2103\" aria-expanded=\"false\">\n\t\t\t\t\t\t\t\t\t\t\t\t\t<span class=\"elementor-accordion-icon elementor-accordion-icon-left\" aria-hidden=\"true\">\n\t\t\t\t\t\t\t\t\t\t\t\t\t\t\t<span class=\"elementor-accordion-icon-closed\"><i class=\"fas fa-plus\"><\/i><\/span>\n\t\t\t\t\t\t\t\t<span class=\"elementor-accordion-icon-opened\"><i class=\"fas fa-minus\"><\/i><\/span>\n\t\t\t\t\t\t\t\t\t\t\t\t\t\t<\/span>\n\t\t\t\t\t\t\t\t\t\t\t\t<a class=\"elementor-accordion-title\" tabindex=\"0\">Dashboard de Monitoreo de Conexiones a Facebook de Migrantes Transcontinentales<\/a>\n\t\t\t\t\t<\/div>\n\t\t\t\t\t<div id=\"elementor-tab-content-2103\" class=\"elementor-tab-content elementor-clearfix\" data-tab=\"3\" role=\"region\" aria-labelledby=\"elementor-tab-title-2103\"><p>El monitoreo de flujos de migrantes transcontinentales en tr\u00e1nsito por Colombia a trav\u00e9s de la detecci\u00f3n de conexiones a Facebook, localiza a personas migrantes en Colombia a trav\u00e9s del uso del API de <a href=\"https:\/\/www.facebook.com\/business\/help\/1665333080167380?id=176276233019487\" target=\"_blank\" rel=\"noopener noreferrer\"><em>Facebook advertising data<\/em><\/a> mostrando las conexiones de usuarios que antes viv\u00edan en Hait\u00ed y Pa\u00edses de \u00c1frica y ahora est\u00e1n conectados desde Colombia.<\/p><p><iframe title=\"Intercontinentales_FB\" src=\"https:\/\/app.powerbi.com\/view?r=eyJrIjoiM2M5NzZjZmYtMzRiOS00YmIzLWEyMWQtNTQ3NDI0M2Q2NjQ0IiwidCI6ImY2ZjcwZjFiLTJhMmQtNGYzMC04NTJhLTY0YjhjZTBjMTlkNyIsImMiOjF9\" width=\"600\" height=\"600\" frameborder=\"0\" allowfullscreen=\"allowfullscreen\"><\/iframe><\/p><\/div>\n\t\t\t\t<\/div>\n\t\t\t\t\t\t\t<div class=\"elementor-accordion-item\">\n\t\t\t\t\t<div id=\"elementor-tab-title-2104\" class=\"elementor-tab-title\" data-tab=\"4\" role=\"button\" aria-controls=\"elementor-tab-content-2104\" aria-expanded=\"false\">\n\t\t\t\t\t\t\t\t\t\t\t\t\t<span class=\"elementor-accordion-icon elementor-accordion-icon-left\" aria-hidden=\"true\">\n\t\t\t\t\t\t\t\t\t\t\t\t\t\t\t<span class=\"elementor-accordion-icon-closed\"><i class=\"fas fa-plus\"><\/i><\/span>\n\t\t\t\t\t\t\t\t<span class=\"elementor-accordion-icon-opened\"><i class=\"fas fa-minus\"><\/i><\/span>\n\t\t\t\t\t\t\t\t\t\t\t\t\t\t<\/span>\n\t\t\t\t\t\t\t\t\t\t\t\t<a class=\"elementor-accordion-title\" tabindex=\"0\">Retos de la regularizaci\u00f3n 2024<\/a>\n\t\t\t\t\t<\/div>\n\t\t\t\t\t<div id=\"elementor-tab-content-2104\" class=\"elementor-tab-content elementor-clearfix\" data-tab=\"4\" role=\"region\" aria-labelledby=\"elementor-tab-title-2104\"><p>El objetivo de esta infograf\u00eda es ilustrar algunos de los retos, barreras y necesidades en torno a la regularizaci\u00f3n, en especial para quienes recientemente han ingresado al pa\u00eds y quienes est\u00e1n en proceso de regularizaci\u00f3n.<\/p><p><iframe title=\"Distribuci\u00f3n poblaci\u00f3n venezolana\" src=\"https:\/\/forohumanitariocolombia.org\/wp-content\/uploads\/2024\/06\/jun_FORO_Retos-de-la-regularizacion_V3.pdf\" width=\"300\" height=\"600\"><\/iframe><\/p><\/div>\n\t\t\t\t<\/div>\n\t\t\t\t\t\t\t<div class=\"elementor-accordion-item\">\n\t\t\t\t\t<div id=\"elementor-tab-title-2105\" class=\"elementor-tab-title\" data-tab=\"5\" role=\"button\" aria-controls=\"elementor-tab-content-2105\" aria-expanded=\"false\">\n\t\t\t\t\t\t\t\t\t\t\t\t\t<span class=\"elementor-accordion-icon elementor-accordion-icon-left\" aria-hidden=\"true\">\n\t\t\t\t\t\t\t\t\t\t\t\t\t\t\t<span class=\"elementor-accordion-icon-closed\"><i class=\"fas fa-plus\"><\/i><\/span>\n\t\t\t\t\t\t\t\t<span class=\"elementor-accordion-icon-opened\"><i class=\"fas fa-minus\"><\/i><\/span>\n\t\t\t\t\t\t\t\t\t\t\t\t\t\t<\/span>\n\t\t\t\t\t\t\t\t\t\t\t\t<a class=\"elementor-accordion-title\" tabindex=\"0\">Distribuci\u00f3n de la Poblaci\u00f3n Venezolana en Bogot\u00e1<\/a>\n\t\t\t\t\t<\/div>\n\t\t\t\t\t<div id=\"elementor-tab-content-2105\" class=\"elementor-tab-content elementor-clearfix\" data-tab=\"5\" role=\"region\" aria-labelledby=\"elementor-tab-title-2105\"><p>En esta infograf\u00eda se exploran las Zonas dentro de Bogot\u00e1 con mayor presencia de<br \/>personas migrantes, para ello se emplearon dos fuentes de informaci\u00f3n la Encuesta<br \/>Multiprop\u00f3sito (2021) y la informaci\u00f3n de conexiones a Facebook (2024).<\/p><p><iframe title=\"Distribuci\u00f3n poblaci\u00f3n venezolana\" src=\"https:\/\/forohumanitariocolombia.org\/wp-content\/uploads\/2024\/04\/Poblacion-venezolana-en-BOGOTA-2024.pdf\" width=\"300\" height=\"600\"><\/iframe><\/p><\/div>\n\t\t\t\t<\/div>\n\t\t\t\t\t\t\t<div class=\"elementor-accordion-item\">\n\t\t\t\t\t<div id=\"elementor-tab-title-2106\" class=\"elementor-tab-title\" data-tab=\"6\" role=\"button\" aria-controls=\"elementor-tab-content-2106\" aria-expanded=\"false\">\n\t\t\t\t\t\t\t\t\t\t\t\t\t<span class=\"elementor-accordion-icon elementor-accordion-icon-left\" aria-hidden=\"true\">\n\t\t\t\t\t\t\t\t\t\t\t\t\t\t\t<span class=\"elementor-accordion-icon-closed\"><i class=\"fas fa-plus\"><\/i><\/span>\n\t\t\t\t\t\t\t\t<span class=\"elementor-accordion-icon-opened\"><i class=\"fas fa-minus\"><\/i><\/span>\n\t\t\t\t\t\t\t\t\t\t\t\t\t\t<\/span>\n\t\t\t\t\t\t\t\t\t\t\t\t<a class=\"elementor-accordion-title\" tabindex=\"0\">Infograf\u00eda sobre situaci\u00f3n humanitaria de Refugiados y migrantes 2021<\/a>\n\t\t\t\t\t<\/div>\n\t\t\t\t\t<div id=\"elementor-tab-content-2106\" class=\"elementor-tab-content elementor-clearfix\" data-tab=\"6\" role=\"region\" aria-labelledby=\"elementor-tab-title-2106\"><p><a href=\"https:\/\/forohumanitariocolombia.org\/wp-content\/uploads\/2022\/09\/CO_NFGRAPH_20220906_registro-del-desplazamiento-forzado-interno-y-el-confinamiento-durante-2021.pdf\">INFOGRAF\u00cdA<\/a>: Esta infograf\u00eda presenta el resultado del cap\u00edtulo de situaci\u00f3n y necesidades humanitarias de refugiados y migrantes provenientes de Venezuela.<\/p><\/div>\n\t\t\t\t<\/div>\n\t\t\t\t\t\t\t<div class=\"elementor-accordion-item\">\n\t\t\t\t\t<div id=\"elementor-tab-title-2107\" class=\"elementor-tab-title\" data-tab=\"7\" role=\"button\" aria-controls=\"elementor-tab-content-2107\" aria-expanded=\"false\">\n\t\t\t\t\t\t\t\t\t\t\t\t\t<span class=\"elementor-accordion-icon elementor-accordion-icon-left\" aria-hidden=\"true\">\n\t\t\t\t\t\t\t\t\t\t\t\t\t\t\t<span class=\"elementor-accordion-icon-closed\"><i class=\"fas fa-plus\"><\/i><\/span>\n\t\t\t\t\t\t\t\t<span class=\"elementor-accordion-icon-opened\"><i class=\"fas fa-minus\"><\/i><\/span>\n\t\t\t\t\t\t\t\t\t\t\t\t\t\t<\/span>\n\t\t\t\t\t\t\t\t\t\t\t\t<a class=\"elementor-accordion-title\" tabindex=\"0\">Caminantes: Compilaci\u00f3n de hallazgos de las evaluaciones de necesidades 2021<\/a>\n\t\t\t\t\t<\/div>\n\t\t\t\t\t<div id=\"elementor-tab-content-2107\" class=\"elementor-tab-content elementor-clearfix\" data-tab=\"7\" role=\"region\" aria-labelledby=\"elementor-tab-title-2107\"><p><a href=\"https:\/\/forohumanitariocolombia.org\/es_es\/poblacion-caminante-compilacion-de-hallazgos-de-las-evaluaciones-de-necesidades\/\">IR AL SITIO<\/a>: Se presentan los resultados clave en t\u00e9rminos de necesidades humanitarias de la poblaci\u00f3n caminante, refugiada y migrante proveniente de Venezuela, de las evaluaciones de necesidades desarrolladas por las organizaciones del Foro y sus organizaciones socias y las principales brechas de informaci\u00f3n identificadas en relaci\u00f3n con la situaci\u00f3n de esta poblaci\u00f3n.<\/p><\/div>\n\t\t\t\t<\/div>\n\t\t\t\t\t\t\t<div class=\"elementor-accordion-item\">\n\t\t\t\t\t<div id=\"elementor-tab-title-2108\" class=\"elementor-tab-title\" data-tab=\"8\" role=\"button\" aria-controls=\"elementor-tab-content-2108\" aria-expanded=\"false\">\n\t\t\t\t\t\t\t\t\t\t\t\t\t<span class=\"elementor-accordion-icon elementor-accordion-icon-left\" aria-hidden=\"true\">\n\t\t\t\t\t\t\t\t\t\t\t\t\t\t\t<span class=\"elementor-accordion-icon-closed\"><i class=\"fas fa-plus\"><\/i><\/span>\n\t\t\t\t\t\t\t\t<span class=\"elementor-accordion-icon-opened\"><i class=\"fas fa-minus\"><\/i><\/span>\n\t\t\t\t\t\t\t\t\t\t\t\t\t\t<\/span>\n\t\t\t\t\t\t\t\t\t\t\t\t<a class=\"elementor-accordion-title\" tabindex=\"0\">Prioridades para la financiaci\u00f3n del Plan de Respuesta a Refugiados y Migrantes 2021<\/a>\n\t\t\t\t\t<\/div>\n\t\t\t\t\t<div id=\"elementor-tab-content-2108\" class=\"elementor-tab-content elementor-clearfix\" data-tab=\"8\" role=\"region\" aria-labelledby=\"elementor-tab-title-2108\"><p><a href=\"https:\/\/forohumanitariocolombia.org\/wp-content\/uploads\/2021\/07\/Infografia-Foro.pdf\">INFOGRAF\u00cdA<\/a>: Esta infograf\u00eda presenta las necesidades de financiaci\u00f3n urgentes en el marco a la respuesta a refugiados y migrantes para 2021.<\/p><p><iframe title=\"Infografia RMRP\" src=\"https:\/\/forohumanitariocolombia.org\/wp-content\/uploads\/2021\/07\/Infografia-Foro.pdf\" width=\"300\" height=\"600\"><\/iframe><\/p><\/div>\n\t\t\t\t<\/div>\n\t\t\t\t\t\t\t<div class=\"elementor-accordion-item\">\n\t\t\t\t\t<div id=\"elementor-tab-title-2109\" class=\"elementor-tab-title\" data-tab=\"9\" role=\"button\" aria-controls=\"elementor-tab-content-2109\" aria-expanded=\"false\">\n\t\t\t\t\t\t\t\t\t\t\t\t\t<span class=\"elementor-accordion-icon elementor-accordion-icon-left\" aria-hidden=\"true\">\n\t\t\t\t\t\t\t\t\t\t\t\t\t\t\t<span class=\"elementor-accordion-icon-closed\"><i class=\"fas fa-plus\"><\/i><\/span>\n\t\t\t\t\t\t\t\t<span class=\"elementor-accordion-icon-opened\"><i class=\"fas fa-minus\"><\/i><\/span>\n\t\t\t\t\t\t\t\t\t\t\t\t\t\t<\/span>\n\t\t\t\t\t\t\t\t\t\t\t\t<a class=\"elementor-accordion-title\" tabindex=\"0\">Migrantes Transcontinentales: Situaci\u00f3n 2021<\/a>\n\t\t\t\t\t<\/div>\n\t\t\t\t\t<div id=\"elementor-tab-content-2109\" class=\"elementor-tab-content elementor-clearfix\" data-tab=\"9\" role=\"region\" aria-labelledby=\"elementor-tab-title-2109\"><p><a href=\"https:\/\/forohumanitariocolombia.org\/es_es\/flujos-migratorios-mixtos-de-poblacion-transcontinental-en-transito-por-colombia\/\">IR AL SITIO<\/a>: Est\u00e1 p\u00e1gina presenta una l\u00ednea de tiempo respecto a la situaci\u00f3n de migraci\u00f3n transcontinental en tr\u00e1nsito por Colombia, con \u00e9nfasis en el paso por el Dari\u00e9n durante 2021.<\/p><\/div>\n\t\t\t\t<\/div>\n\t\t\t\t\t\t\t<div class=\"elementor-accordion-item\">\n\t\t\t\t\t<div id=\"elementor-tab-title-21010\" class=\"elementor-tab-title\" data-tab=\"10\" role=\"button\" aria-controls=\"elementor-tab-content-21010\" aria-expanded=\"false\">\n\t\t\t\t\t\t\t\t\t\t\t\t\t<span class=\"elementor-accordion-icon elementor-accordion-icon-left\" aria-hidden=\"true\">\n\t\t\t\t\t\t\t\t\t\t\t\t\t\t\t<span class=\"elementor-accordion-icon-closed\"><i class=\"fas fa-plus\"><\/i><\/span>\n\t\t\t\t\t\t\t\t<span class=\"elementor-accordion-icon-opened\"><i class=\"fas fa-minus\"><\/i><\/span>\n\t\t\t\t\t\t\t\t\t\t\t\t\t\t<\/span>\n\t\t\t\t\t\t\t\t\t\t\t\t<a class=\"elementor-accordion-title\" tabindex=\"0\">Evaluaci\u00f3n de necesidades humanitarias de poblaci\u00f3n migrante en tr\u00e1nsito en la ruta Pasto - Ipiales en Nari\u00f1o<\/a>\n\t\t\t\t\t<\/div>\n\t\t\t\t\t<div id=\"elementor-tab-content-21010\" class=\"elementor-tab-content elementor-clearfix\" data-tab=\"10\" role=\"region\" aria-labelledby=\"elementor-tab-title-21010\"><p><a href=\"https:\/\/forohumanitariocolombia.org\/es_es\/evaluacion-de-necesidades-humanitarias-a-poblacion-migrante-en-transito-en-la-ruta-pasto-ipiales-en-narino\/\">IR AL SITIO<\/a>: M\u00e9dicos del Mundo a trav\u00e9s de la Universidad Mariana implement\u00f3 una evaluaci\u00f3n de necesidades en salud a poblaci\u00f3n migrante en tr\u00e1nsito en la ruta Pasto &#8211; Ipiales.\u00a0<\/p><\/div>\n\t\t\t\t<\/div>\n\t\t\t\t\t\t\t<div class=\"elementor-accordion-item\">\n\t\t\t\t\t<div id=\"elementor-tab-title-21011\" class=\"elementor-tab-title\" data-tab=\"11\" role=\"button\" aria-controls=\"elementor-tab-content-21011\" aria-expanded=\"false\">\n\t\t\t\t\t\t\t\t\t\t\t\t\t<span class=\"elementor-accordion-icon elementor-accordion-icon-left\" aria-hidden=\"true\">\n\t\t\t\t\t\t\t\t\t\t\t\t\t\t\t<span class=\"elementor-accordion-icon-closed\"><i class=\"fas fa-plus\"><\/i><\/span>\n\t\t\t\t\t\t\t\t<span class=\"elementor-accordion-icon-opened\"><i class=\"fas fa-minus\"><\/i><\/span>\n\t\t\t\t\t\t\t\t\t\t\t\t\t\t<\/span>\n\t\t\t\t\t\t\t\t\t\t\t\t<a class=\"elementor-accordion-title\" tabindex=\"0\">Caminantes: Evaluaci\u00f3n de poblaci\u00f3n refugiada y migrante en tr\u00e1nsito  2019<\/a>\n\t\t\t\t\t<\/div>\n\t\t\t\t\t<div id=\"elementor-tab-content-21011\" class=\"elementor-tab-content elementor-clearfix\" data-tab=\"11\" role=\"region\" aria-labelledby=\"elementor-tab-title-21011\"><p><a href=\"https:\/\/colombia.immap.org\/caminantes\/home.html\">IR AL SITIO<\/a>: Durante 2019, el Foro implement\u00f3 una evaluaci\u00f3n de necesidades humanitarias a poblaci\u00f3n en tr\u00e1nsito en la ruta Norte de Santander &#8211; Santander.\u00a0<\/p><\/div>\n\t\t\t\t<\/div>\n\t\t\t\t\t\t\t<div class=\"elementor-accordion-item\">\n\t\t\t\t\t<div id=\"elementor-tab-title-21012\" class=\"elementor-tab-title\" data-tab=\"12\" role=\"button\" aria-controls=\"elementor-tab-content-21012\" aria-expanded=\"false\">\n\t\t\t\t\t\t\t\t\t\t\t\t\t<span class=\"elementor-accordion-icon elementor-accordion-icon-left\" aria-hidden=\"true\">\n\t\t\t\t\t\t\t\t\t\t\t\t\t\t\t<span class=\"elementor-accordion-icon-closed\"><i class=\"fas fa-plus\"><\/i><\/span>\n\t\t\t\t\t\t\t\t<span class=\"elementor-accordion-icon-opened\"><i class=\"fas fa-minus\"><\/i><\/span>\n\t\t\t\t\t\t\t\t\t\t\t\t\t\t<\/span>\n\t\t\t\t\t\t\t\t\t\t\t\t<a class=\"elementor-accordion-title\" tabindex=\"0\">Infograf\u00eda de riesgos de protecci\u00f3n en contextos de migraci\u00f3n <\/a>\n\t\t\t\t\t<\/div>\n\t\t\t\t\t<div id=\"elementor-tab-content-21012\" class=\"elementor-tab-content elementor-clearfix\" data-tab=\"12\" role=\"region\" aria-labelledby=\"elementor-tab-title-21012\"><p>Esta infograf\u00eda presenta los\u00a0<a href=\"https:\/\/forohumanitariocolombia.org\/wp-content\/uploads\/2022\/08\/riesgros-proteccion.pdf\">riesgos de protecci\u00f3n<\/a>\u00a0percibidos por la poblaci\u00f3n con acceso a internet, resultado de la segunda ronda de monitoreo de desplazamiento.\u00a0<\/p><p><img fetchpriority=\"high\" decoding=\"async\" class=\"alignnone size-medium wp-image-3380\" src=\"https:\/\/forohumanitariocolombia.org\/wp-content\/uploads\/2023\/08\/Infografia_proteccion_2021-300x215.png\" alt=\"\" width=\"300\" height=\"215\" srcset=\"https:\/\/forohumanitariocolombia.org\/wp-content\/uploads\/2023\/08\/Infografia_proteccion_2021-300x215.png 300w, https:\/\/forohumanitariocolombia.org\/wp-content\/uploads\/2023\/08\/Infografia_proteccion_2021-768x549.png 768w, https:\/\/forohumanitariocolombia.org\/wp-content\/uploads\/2023\/08\/Infografia_proteccion_2021-18x12.png 18w, https:\/\/forohumanitariocolombia.org\/wp-content\/uploads\/2023\/08\/Infografia_proteccion_2021.png 930w\" sizes=\"(max-width: 300px) 100vw, 300px\" \/><\/p><\/div>\n\t\t\t\t<\/div>\n\t\t\t\t\t\t\t\t<\/div>\n\t\t\t\t<\/div>\n\t\t\t\t<\/div>\n\t\t\t\t\t<\/div>\n\t\t<\/div>\n\t\t\t\t\t<\/div>\n\t\t<\/section>\n\t\t\t\t<section class=\"elementor-section elementor-top-section elementor-element elementor-element-e9651d6 elementor-section-boxed elementor-section-height-default elementor-section-height-default\" data-id=\"e9651d6\" data-element_type=\"section\">\n\t\t\t\t\t\t<div class=\"elementor-container elementor-column-gap-default\">\n\t\t\t\t\t<div class=\"elementor-column elementor-col-100 elementor-top-column elementor-element elementor-element-2c36885\" data-id=\"2c36885\" data-element_type=\"column\">\n\t\t\t<div class=\"elementor-widget-wrap elementor-element-populated\">\n\t\t\t\t\t\t<div class=\"elementor-element elementor-element-bb56e61 elementor-widget elementor-widget-spacer\" data-id=\"bb56e61\" data-element_type=\"widget\" data-widget_type=\"spacer.default\">\n\t\t\t\t<div class=\"elementor-widget-container\">\n\t\t\t\t\t<div class=\"elementor-spacer\">\n\t\t\t<div class=\"elementor-spacer-inner\"><\/div>\n\t\t<\/div>\n\t\t\t\t<\/div>\n\t\t\t\t<\/div>\n\t\t\t\t\t<\/div>\n\t\t<\/div>\n\t\t\t\t\t<\/div>\n\t\t<\/section>\n\t\t\t\t<\/div>\n\t\t","protected":false},"excerpt":{"rendered":"<p>Refugiados y migrantes A continuaci\u00f3n se presentan insumos de informaci\u00f3n sobre la situaci\u00f3n humanitaria de refugiados y migrantes en Colombia. Que incluye informaci\u00f3n tanto de poblaci\u00f3n proveniente de Venezuela, como migrantes en tr\u00e1nsito proveniente de otros pa\u00edses, regiones y continentes.\u00a0 Intenci\u00f3n de retorno a Venezuela de la poblaci\u00f3n venezolana en Colombia, Enero 2026 El objetivo&hellip;<\/p>\n","protected":false},"author":7,"featured_media":0,"parent":280,"menu_order":0,"comment_status":"closed","ping_status":"closed","template":"","meta":{"_monsterinsights_skip_tracking":false,"_monsterinsights_sitenote_active":false,"_monsterinsights_sitenote_note":"","_monsterinsights_sitenote_category":0},"class_list":["post-2042","page","type-page","status-publish","hentry","description-off"],"aioseo_notices":[],"_links":{"self":[{"href":"https:\/\/forohumanitariocolombia.org\/es_es\/wp-json\/wp\/v2\/pages\/2042","targetHints":{"allow":["GET"]}}],"collection":[{"href":"https:\/\/forohumanitariocolombia.org\/es_es\/wp-json\/wp\/v2\/pages"}],"about":[{"href":"https:\/\/forohumanitariocolombia.org\/es_es\/wp-json\/wp\/v2\/types\/page"}],"author":[{"embeddable":true,"href":"https:\/\/forohumanitariocolombia.org\/es_es\/wp-json\/wp\/v2\/users\/7"}],"replies":[{"embeddable":true,"href":"https:\/\/forohumanitariocolombia.org\/es_es\/wp-json\/wp\/v2\/comments?post=2042"}],"version-history":[{"count":6,"href":"https:\/\/forohumanitariocolombia.org\/es_es\/wp-json\/wp\/v2\/pages\/2042\/revisions"}],"predecessor-version":[{"id":4088,"href":"https:\/\/forohumanitariocolombia.org\/es_es\/wp-json\/wp\/v2\/pages\/2042\/revisions\/4088"}],"up":[{"embeddable":true,"href":"https:\/\/forohumanitariocolombia.org\/es_es\/wp-json\/wp\/v2\/pages\/280"}],"wp:attachment":[{"href":"https:\/\/forohumanitariocolombia.org\/es_es\/wp-json\/wp\/v2\/media?parent=2042"}],"curies":[{"name":"wp","href":"https:\/\/api.w.org\/{rel}","templated":true}]}}