{"id":2073,"date":"2022-01-20T18:47:48","date_gmt":"2022-01-20T18:47:48","guid":{"rendered":"https:\/\/forohumanitariocolombia.org\/?page_id=2073"},"modified":"2023-08-24T17:17:09","modified_gmt":"2023-08-24T17:17:09","slug":"multipleafectacion","status":"publish","type":"page","link":"https:\/\/forohumanitariocolombia.org\/es_es\/situacion-humanitaria\/multipleafectacion\/","title":{"rendered":"Multipleafectaci\u00f3n"},"content":{"rendered":"\t\t<div data-elementor-type=\"wp-page\" data-elementor-id=\"2073\" class=\"elementor elementor-2073\">\n\t\t\t\t\t\t<section class=\"elementor-section elementor-top-section elementor-element elementor-element-b6ee269 elementor-section-full_width animated-slow elementor-section-height-default elementor-section-height-default elementor-invisible\" data-id=\"b6ee269\" data-element_type=\"section\" data-settings=\"{&quot;animation&quot;:&quot;slideInLeft&quot;}\">\n\t\t\t\t\t\t<div class=\"elementor-container elementor-column-gap-default\">\n\t\t\t\t\t<div class=\"elementor-column elementor-col-100 elementor-top-column elementor-element elementor-element-14e8072\" data-id=\"14e8072\" data-element_type=\"column\">\n\t\t\t<div class=\"elementor-widget-wrap elementor-element-populated\">\n\t\t\t\t\t\t<div class=\"elementor-element elementor-element-e01dcd4 elementor-widget elementor-widget-prime-slider-dragon\" data-id=\"e01dcd4\" data-element_type=\"widget\" data-widget_type=\"prime-slider-dragon.default\">\n\t\t\t\t<div class=\"elementor-widget-container\">\n\t\t\t\t\t<div class=\"bdt-prime-slider\">\n\t\t\t<div class=\"bdt-prime-slider-dragon\">\n\t\t\t\t<div class=\"bdt-position-relative bdt-visible-toggle\" data-settings=\"{&quot;id&quot;:&quot;#bdt-e01dcd4&quot;,&quot;animation_status&quot;:&quot;no&quot;}\" id=\"bdt-e01dcd4\" bdt-slideshow=\"{&quot;animation&quot;:&quot;fade&quot;,&quot;ratio&quot;:&quot;16:9&quot;,&quot;min-height&quot;:&quot;440&quot;,&quot;autoplay&quot;:true,&quot;autoplay-interval&quot;:7000,&quot;pause-on-hover&quot;:false,&quot;velocity&quot;:1,&quot;finite&quot;:false}\">\n\t\t\t\t\t<ul class=\"bdt-slideshow-items\">\n\t\t\t\t\t\t\t\t<li class=\"bdt-slideshow-item bdt-flex bdt-flex-middle elementor-repeater-item-20d0dad\">\n\n\t\t\t<div class=\"bdt-ps-dragon-bg\">\n\t\t\t\t\n\t\t<div class=\"bdt-ps-slide-img\" style=\"background-image: url('https:\/\/forohumanitariocolombia.org\/wp-content\/uploads\/2022\/01\/Screen-Shot-2022-01-24-at-9.02.36-PM.png')\"><\/div>\n\n\t\t\t\t\t<\/div>\n\n\t\t\t<div class=\"bdt-ps-dragon-slide-image\">\n\t\t\t\t\n\t\t<div class=\"bdt-ps-slide-img\" style=\"background-image: url('https:\/\/forohumanitariocolombia.org\/wp-content\/uploads\/2022\/01\/Screen-Shot-2022-01-24-at-9.02.36-PM.png')\"><\/div>\n\n\t\t\t\t\t<\/div>\n\n\t\t\t\t\t\t\t<div class=\"bdt-overlay-default bdt-position-cover bdt-blend-multiply\"><\/div>\n\t\t\t\t\t\t\n\t\t\t\t\t<div class=\"bdt-prime-slider-wrapper\">\n\t\t\t<div class=\"bdt-prime-slider-content\">\n\n\t\t\t\t\n\t\t\t\t\t\t\t\t\t<div class=\"bdt-main-title\">\n\t\t\t\t\t\t<h1 class=\"bdt-title-tag\" data-bdt-slideshow-parallax=\"x: 200,-200; opacity: 1,1,0\"  data-reveal=\"reveal-active\">\n\t\t\t\t\t\t\t\t\t\t\t\t\t\t\t<span class=\"frist-word\">Multiple-afectaci\u00f3n<\/span> \t\t\t\t\t\t\t\t\t\t\t\t\t\t<\/h1>\n\t\t\t\t\t<\/div>\n\t\t\t\t\n\t\t\t\t\n\t\t\t\t<div data-bdt-slideshow-parallax=\"x: 400,-400; opacity: 1,1,0\">\n\t\t\t\t\t\n\t\t\t\t\t\t<\/div>\n\t\t\t\t\t\n\t\t\t<\/div>\n\t\t<\/div>\n        \n\t\t<\/li>\n        \n\t\t\t\t\t<\/ul>\n\n\t\t\t\t\t            \n        \t\t\t\t\t\n\t\t\t\t<\/div>\n\t\t\t\t\t\t\t<\/div>\n\t\t<\/div>\n        \t\t<\/div>\n\t\t\t\t<\/div>\n\t\t\t\t\t<\/div>\n\t\t<\/div>\n\t\t\t\t\t<\/div>\n\t\t<\/section>\n\t\t\t\t<section class=\"elementor-section elementor-top-section elementor-element elementor-element-66ffc56 elementor-section-boxed elementor-section-height-default elementor-section-height-default\" data-id=\"66ffc56\" data-element_type=\"section\">\n\t\t\t\t\t\t<div class=\"elementor-container elementor-column-gap-default\">\n\t\t\t\t\t<div class=\"elementor-column elementor-col-100 elementor-top-column elementor-element elementor-element-0d7b658\" data-id=\"0d7b658\" data-element_type=\"column\">\n\t\t\t<div class=\"elementor-widget-wrap elementor-element-populated\">\n\t\t\t\t\t\t<div class=\"elementor-element elementor-element-7263fdb elementor-widget elementor-widget-heading\" data-id=\"7263fdb\" data-element_type=\"widget\" data-widget_type=\"heading.default\">\n\t\t\t\t<div class=\"elementor-widget-container\">\n\t\t\t<h2 class=\"elementor-heading-title elementor-size-default\">Situaci\u00f3n humanitaria previa a la COVID - 19<\/h2>\t\t<\/div>\n\t\t\t\t<\/div>\n\t\t\t\t\t<\/div>\n\t\t<\/div>\n\t\t\t\t\t<\/div>\n\t\t<\/section>\n\t\t\t\t<section class=\"elementor-section elementor-top-section elementor-element elementor-element-a428750 elementor-section-boxed elementor-section-height-default elementor-section-height-default\" data-id=\"a428750\" data-element_type=\"section\">\n\t\t\t\t\t\t<div class=\"elementor-container elementor-column-gap-default\">\n\t\t\t\t\t<div class=\"elementor-column elementor-col-100 elementor-top-column elementor-element elementor-element-966cb0e\" data-id=\"966cb0e\" data-element_type=\"column\">\n\t\t\t<div class=\"elementor-widget-wrap elementor-element-populated\">\n\t\t\t\t\t\t<div class=\"elementor-element elementor-element-ca26d47 elementor-widget elementor-widget-text-editor\" data-id=\"ca26d47\" data-element_type=\"widget\" data-widget_type=\"text-editor.default\">\n\t\t\t\t<div class=\"elementor-widget-container\">\n\t\t\t\t\t\t\t<p>Este tablero muestra la situaci\u00f3n de la poblaci\u00f3n refugiada, migrante y local justo antes de la declaraci\u00f3n de la emergencia por la COVID-19 en marzo de 2020 con base en la informaci\u00f3n de la Gran Encuesta Integrada de Hogares del DANE.<\/p>\t\t\t\t\t\t<\/div>\n\t\t\t\t<\/div>\n\t\t\t\t<div class=\"elementor-element elementor-element-7b097c3 elementor-widget elementor-widget-html\" data-id=\"7b097c3\" data-element_type=\"widget\" data-widget_type=\"html.default\">\n\t\t\t\t<div class=\"elementor-widget-container\">\n\t\t\t<iframe width=\"1000\" height=\"600\" src=\"https:\/\/app.powerbi.com\/view?r=eyJrIjoiYjM5NmNjOWQtMjMyYS00OWE4LTkwOWEtNDYyMGFlZTkxOGE1IiwidCI6ImY2ZjcwZjFiLTJhMmQtNGYzMC04NTJhLTY0YjhjZTBjMTlkNyIsImMiOjF9\" frameborder=\"0\" allowFullScreen=\"true\"><\/iframe>\t\t<\/div>\n\t\t\t\t<\/div>\n\t\t\t\t\t<\/div>\n\t\t<\/div>\n\t\t\t\t\t<\/div>\n\t\t<\/section>\n\t\t\t\t<section class=\"elementor-section elementor-top-section elementor-element elementor-element-07ec96f animated-slow elementor-section-boxed elementor-section-height-default elementor-section-height-default elementor-invisible\" data-id=\"07ec96f\" data-element_type=\"section\" data-settings=\"{&quot;animation&quot;:&quot;slideInRight&quot;}\">\n\t\t\t\t\t\t<div class=\"elementor-container elementor-column-gap-default\">\n\t\t\t\t\t<div class=\"elementor-column elementor-col-100 elementor-top-column elementor-element elementor-element-8742986\" data-id=\"8742986\" data-element_type=\"column\">\n\t\t\t<div class=\"elementor-widget-wrap elementor-element-populated\">\n\t\t\t\t\t\t<div class=\"elementor-element elementor-element-4b3314f elementor-widget elementor-widget-heading\" data-id=\"4b3314f\" data-element_type=\"widget\" data-widget_type=\"heading.default\">\n\t\t\t\t<div class=\"elementor-widget-container\">\n\t\t\t<h2 class=\"elementor-heading-title elementor-size-default\">Doble afectaci\u00f3n: Migrantes y Refugiados afectados por el conflicto armado. <\/h2>\t\t<\/div>\n\t\t\t\t<\/div>\n\t\t\t\t<div class=\"elementor-element elementor-element-7422ce9 elementor-widget elementor-widget-text-editor\" data-id=\"7422ce9\" data-element_type=\"widget\" data-widget_type=\"text-editor.default\">\n\t\t\t\t<div class=\"elementor-widget-container\">\n\t\t\t\t\t\t\t<p>Este tablero presenta informaci\u00f3n recopilada por C\u00e1ritas Suiza y Alemania en el marco del Proyecto Europana, que compila informaci\u00f3n de poblaci\u00f3n colombiana y venezolana afectada por el conflicto armado en Colombia en 2020.<\/p>\t\t\t\t\t\t<\/div>\n\t\t\t\t<\/div>\n\t\t\t\t<div class=\"elementor-element elementor-element-e849db9 elementor-widget elementor-widget-image\" data-id=\"e849db9\" data-element_type=\"widget\" data-widget_type=\"image.default\">\n\t\t\t\t<div class=\"elementor-widget-container\">\n\t\t\t\t\t\t\t\t\t\t\t\t\t<img fetchpriority=\"high\" decoding=\"async\" width=\"902\" height=\"673\" src=\"https:\/\/forohumanitariocolombia.org\/wp-content\/uploads\/2021\/07\/DobleAfectacion_Caritas_2020.png\" class=\"attachment-large size-large wp-image-838\" alt=\"\" srcset=\"https:\/\/forohumanitariocolombia.org\/wp-content\/uploads\/2021\/07\/DobleAfectacion_Caritas_2020.png 902w, https:\/\/forohumanitariocolombia.org\/wp-content\/uploads\/2021\/07\/DobleAfectacion_Caritas_2020-300x224.png 300w, https:\/\/forohumanitariocolombia.org\/wp-content\/uploads\/2021\/07\/DobleAfectacion_Caritas_2020-768x573.png 768w, https:\/\/forohumanitariocolombia.org\/wp-content\/uploads\/2021\/07\/DobleAfectacion_Caritas_2020-16x12.png 16w\" sizes=\"(max-width: 902px) 100vw, 902px\" \/>\t\t\t\t\t\t\t\t\t\t\t\t\t<\/div>\n\t\t\t\t<\/div>\n\t\t\t\t<div class=\"elementor-element elementor-element-4e9cc4c elementor-align-center elementor-widget elementor-widget-button\" data-id=\"4e9cc4c\" data-element_type=\"widget\" data-widget_type=\"button.default\">\n\t\t\t\t<div class=\"elementor-widget-container\">\n\t\t\t\t\t<div class=\"elementor-button-wrapper\">\n\t\t\t<a class=\"elementor-button elementor-button-link elementor-size-sm\" href=\"https:\/\/datastudio.google.com\/s\/tYfKJ9HtV3E\" target=\"_blank\">\n\t\t\t\t\t\t<span class=\"elementor-button-content-wrapper\">\n\t\t\t\t\t\t\t\t\t<span class=\"elementor-button-text\">Haz clic aqu\u00ed<\/span>\n\t\t\t\t\t<\/span>\n\t\t\t\t\t<\/a>\n\t\t<\/div>\n\t\t\t\t<\/div>\n\t\t\t\t<\/div>\n\t\t\t\t\t<\/div>\n\t\t<\/div>\n\t\t\t\t\t<\/div>\n\t\t<\/section>\n\t\t\t\t<section class=\"elementor-section elementor-top-section elementor-element elementor-element-218067a elementor-section-boxed elementor-section-height-default elementor-section-height-default\" data-id=\"218067a\" data-element_type=\"section\">\n\t\t\t\t\t\t<div class=\"elementor-container elementor-column-gap-default\">\n\t\t\t\t\t<div class=\"elementor-column elementor-col-100 elementor-top-column elementor-element elementor-element-cb5ef64\" data-id=\"cb5ef64\" data-element_type=\"column\">\n\t\t\t<div class=\"elementor-widget-wrap\">\n\t\t\t\t\t\t\t<\/div>\n\t\t<\/div>\n\t\t\t\t\t<\/div>\n\t\t<\/section>\n\t\t\t\t<\/div>\n\t\t","protected":false},"excerpt":{"rendered":"<p>Multiple-afectaci\u00f3n Situaci\u00f3n humanitaria previa a la COVID &#8211; 19 Este tablero muestra la situaci\u00f3n de la poblaci\u00f3n refugiada, migrante y local justo antes de la declaraci\u00f3n de la emergencia por la COVID-19 en marzo de 2020 con base en la informaci\u00f3n de la Gran Encuesta Integrada de Hogares del DANE. Doble afectaci\u00f3n: Migrantes y Refugiados&hellip;<\/p>\n","protected":false},"author":7,"featured_media":0,"parent":280,"menu_order":0,"comment_status":"closed","ping_status":"closed","template":"","meta":{"_monsterinsights_skip_tracking":false,"_monsterinsights_sitenote_active":false,"_monsterinsights_sitenote_note":"","_monsterinsights_sitenote_category":0},"class_list":["post-2073","page","type-page","status-publish","hentry","description-off"],"aioseo_notices":[],"_links":{"self":[{"href":"https:\/\/forohumanitariocolombia.org\/es_es\/wp-json\/wp\/v2\/pages\/2073","targetHints":{"allow":["GET"]}}],"collection":[{"href":"https:\/\/forohumanitariocolombia.org\/es_es\/wp-json\/wp\/v2\/pages"}],"about":[{"href":"https:\/\/forohumanitariocolombia.org\/es_es\/wp-json\/wp\/v2\/types\/page"}],"author":[{"embeddable":true,"href":"https:\/\/forohumanitariocolombia.org\/es_es\/wp-json\/wp\/v2\/users\/7"}],"replies":[{"embeddable":true,"href":"https:\/\/forohumanitariocolombia.org\/es_es\/wp-json\/wp\/v2\/comments?post=2073"}],"version-history":[{"count":0,"href":"https:\/\/forohumanitariocolombia.org\/es_es\/wp-json\/wp\/v2\/pages\/2073\/revisions"}],"up":[{"embeddable":true,"href":"https:\/\/forohumanitariocolombia.org\/es_es\/wp-json\/wp\/v2\/pages\/280"}],"wp:attachment":[{"href":"https:\/\/forohumanitariocolombia.org\/es_es\/wp-json\/wp\/v2\/media?parent=2073"}],"curies":[{"name":"wp","href":"https:\/\/api.w.org\/{rel}","templated":true}]}}