{"id":3223,"date":"2023-03-16T21:03:04","date_gmt":"2023-03-16T21:03:04","guid":{"rendered":"https:\/\/forohumanitariocolombia.org\/?page_id=3223"},"modified":"2023-03-30T20:11:26","modified_gmt":"2023-03-30T20:11:26","slug":"barreras-de-acceso-humanitario-recursos-colaborativos","status":"publish","type":"page","link":"https:\/\/forohumanitariocolombia.org\/es_es\/blog\/barreras-de-acceso-humanitario-recursos-colaborativos\/","title":{"rendered":"Recursos colaborativos sobre acceso humanitario"},"content":{"rendered":"\t\t<div data-elementor-type=\"wp-page\" data-elementor-id=\"3223\" class=\"elementor elementor-3223\">\n\t\t\t\t\t\t<section class=\"elementor-section elementor-top-section elementor-element elementor-element-0fbc6e9 elementor-section-boxed elementor-section-height-default elementor-section-height-default\" data-id=\"0fbc6e9\" data-element_type=\"section\">\n\t\t\t\t\t\t<div class=\"elementor-container elementor-column-gap-default\">\n\t\t\t\t\t<div class=\"elementor-column elementor-col-100 elementor-top-column elementor-element elementor-element-d5794c5\" data-id=\"d5794c5\" data-element_type=\"column\">\n\t\t\t<div class=\"elementor-widget-wrap elementor-element-populated\">\n\t\t\t\t\t\t<div class=\"elementor-element elementor-element-44778d3 elementor-widget elementor-widget-heading\" data-id=\"44778d3\" data-element_type=\"widget\" data-widget_type=\"heading.default\">\n\t\t\t\t<div class=\"elementor-widget-container\">\n\t\t\t<h2 class=\"elementor-heading-title elementor-size-default\">Recursos colaborativos sobre acceso humanitario<\/h2>\t\t<\/div>\n\t\t\t\t<\/div>\n\t\t\t\t\t<\/div>\n\t\t<\/div>\n\t\t\t\t\t<\/div>\n\t\t<\/section>\n\t\t\t\t<section class=\"elementor-section elementor-top-section elementor-element elementor-element-c8a3db4 elementor-section-boxed elementor-section-height-default elementor-section-height-default\" data-id=\"c8a3db4\" data-element_type=\"section\">\n\t\t\t\t\t\t<div class=\"elementor-container elementor-column-gap-default\">\n\t\t\t\t\t<div class=\"elementor-column elementor-col-100 elementor-top-column elementor-element elementor-element-c402963\" data-id=\"c402963\" data-element_type=\"column\">\n\t\t\t<div class=\"elementor-widget-wrap elementor-element-populated\">\n\t\t\t\t\t\t<div class=\"elementor-element elementor-element-5cd3e41 elementor-widget elementor-widget-image\" data-id=\"5cd3e41\" data-element_type=\"widget\" data-widget_type=\"image.default\">\n\t\t\t\t<div class=\"elementor-widget-container\">\n\t\t\t\t\t\t\t\t\t\t\t\t\t<img decoding=\"async\" src=\"https:\/\/forohumanitariocolombia.org\/wp-content\/uploads\/elementor\/thumbs\/ACM-1-scaled-q48zo72b91lydevl8e5atxpb6ryvjax05u10f5cqv4.jpg\" title=\"ACM 1\" alt=\"\" loading=\"lazy\" \/>\t\t\t\t\t\t\t\t\t\t\t\t\t<\/div>\n\t\t\t\t<\/div>\n\t\t\t\t\t<\/div>\n\t\t<\/div>\n\t\t\t\t\t<\/div>\n\t\t<\/section>\n\t\t\t\t<section class=\"elementor-section elementor-top-section elementor-element elementor-element-f5f80db elementor-section-boxed elementor-section-height-default elementor-section-height-default\" data-id=\"f5f80db\" data-element_type=\"section\">\n\t\t\t\t\t\t<div class=\"elementor-container elementor-column-gap-default\">\n\t\t\t\t\t<div class=\"elementor-column elementor-col-100 elementor-top-column elementor-element elementor-element-2228371\" data-id=\"2228371\" data-element_type=\"column\">\n\t\t\t<div class=\"elementor-widget-wrap elementor-element-populated\">\n\t\t\t\t\t\t<div class=\"elementor-element elementor-element-2c430a8 elementor-widget elementor-widget-spacer\" data-id=\"2c430a8\" data-element_type=\"widget\" data-widget_type=\"spacer.default\">\n\t\t\t\t<div class=\"elementor-widget-container\">\n\t\t\t\t\t<div class=\"elementor-spacer\">\n\t\t\t<div class=\"elementor-spacer-inner\"><\/div>\n\t\t<\/div>\n\t\t\t\t<\/div>\n\t\t\t\t<\/div>\n\t\t\t\t\t<\/div>\n\t\t<\/div>\n\t\t\t\t\t<\/div>\n\t\t<\/section>\n\t\t\t\t<section class=\"elementor-section elementor-top-section elementor-element elementor-element-12f7f22 elementor-section-boxed elementor-section-height-default elementor-section-height-default\" data-id=\"12f7f22\" data-element_type=\"section\">\n\t\t\t\t\t\t<div class=\"elementor-container elementor-column-gap-default\">\n\t\t\t\t\t<div class=\"elementor-column elementor-col-100 elementor-top-column elementor-element elementor-element-d0a7044\" data-id=\"d0a7044\" data-element_type=\"column\">\n\t\t\t<div class=\"elementor-widget-wrap elementor-element-populated\">\n\t\t\t\t\t\t<div class=\"elementor-element elementor-element-a81d9a1 elementor-widget elementor-widget-text-editor\" data-id=\"a81d9a1\" data-element_type=\"widget\" data-widget_type=\"text-editor.default\">\n\t\t\t\t<div class=\"elementor-widget-container\">\n\t\t\t\t\t\t\t<p>Esta p\u00e1gina contiene los recursos colaborativos de las organizaciones del Foro de Organizaciones Humanitarias, en relaci\u00f3n con barreras de acceso humanitario. Los recursos disponibles, son para el uso en acciones de comunicaci\u00f3n e incidencia, para abrir el espacio humanitario y hacer visible las complejas condiciones en las que operan las organizaciones humanitarias en algunos territorios.\u00a0<\/p>\t\t\t\t\t\t<\/div>\n\t\t\t\t<\/div>\n\t\t\t\t\t<\/div>\n\t\t<\/div>\n\t\t\t\t\t<\/div>\n\t\t<\/section>\n\t\t\t\t<section class=\"elementor-section elementor-top-section elementor-element elementor-element-f02f436 elementor-section-boxed elementor-section-height-default elementor-section-height-default\" data-id=\"f02f436\" data-element_type=\"section\">\n\t\t\t\t\t\t<div class=\"elementor-container elementor-column-gap-default\">\n\t\t\t\t\t<div class=\"elementor-column elementor-col-100 elementor-top-column elementor-element elementor-element-d2b96b9\" data-id=\"d2b96b9\" data-element_type=\"column\">\n\t\t\t<div class=\"elementor-widget-wrap elementor-element-populated\">\n\t\t\t\t\t\t<div class=\"elementor-element elementor-element-9f4f4cd bdt-image-match-height-desktop--yes bdt-image-match-height-tablet--yes bdt-image-match-height-mobile--yes elementor-widget elementor-widget-prime-slider-isolate\" data-id=\"9f4f4cd\" data-element_type=\"widget\" data-widget_type=\"prime-slider-isolate.default\">\n\t\t\t\t<div class=\"elementor-widget-container\">\n\t\t\t\t\t<div class=\"bdt-prime-slider\">\n\t\t\t<div class=\"bdt-prime-slider-skin-isolate content-position-inherit content-position-column\" data-bdt-lightbox=\"toggle: .bdt-slide-play-button&gt;a; animation: slide; video-autoplay: true;\">\n\t\t\t\t<div class=\"bdt-position-relative bdt-visible-toggle\" data-settings=\"{&quot;id&quot;:&quot;#bdt-9f4f4cd&quot;,&quot;animation_status&quot;:&quot;no&quot;}\" id=\"bdt-9f4f4cd\" bdt-slideshow=\"{&quot;animation&quot;:&quot;fade&quot;,&quot;ratio&quot;:&quot;16:9&quot;,&quot;min-height&quot;:&quot;600&quot;,&quot;autoplay&quot;:true,&quot;autoplay-interval&quot;:7000,&quot;pause-on-hover&quot;:true,&quot;velocity&quot;:1,&quot;finite&quot;:false}\">\n\t\t\t\t\t<ul class=\"bdt-slideshow-items\">\n\t\t\t\t\t\t         \n        <li class=\"bdt-slideshow-item bdt-flex bdt-flex-column bdt-flex-middle elementor-repeater-item-85a88a5 \">\n            <div class=\"bdt-width-1-1 bdt-width-1-2@s\">\n                        <div class=\"bdt-slideshow-content-wrapper\">\n            <div class=\"bdt-prime-slider-wrapper\">\n                <div class=\"bdt-prime-slider-content\">\n                    <div class=\"bdt-prime-slider-desc\">\n\n                        \n                                                    <div class=\"bdt-main-title\">\n                                <h1 class=\"bdt-title-tag\" data-reveal=\"reveal-active\" data-bdt-slideshow-parallax=\"y: 50,0,-50; opacity: 1,1,0\">\n                                                                            <a href=\"https:\/\/reliefweb.int\/report\/colombia\/colombia-balance-de-acceso-humanitario-2022-enero-diciembre-de-2022\">\n                                                                                <span class=\"frist-word\">Balance<\/span> Acceso Humanitario                                                                                <\/a>\n                                                                    <\/h1>\n                            <\/div>\n                        \n                                                    <div class=\"bdt-slider-excerpt\" data-reveal=\"reveal-active\" data-bdt-slideshow-parallax=\"y: 100,0,-80; opacity: 1,1,0\">\n                                <p>OCHA Colombia public\u00f3 el primer balance de acceso humanitario para el a\u00f1o 2022.<\/p>                            <\/div>\n                        \n                        <div class=\"bdt-isolate-btn\" data-reveal=\"reveal-active\" data-bdt-slideshow-parallax=\"y: 150,0,-100; opacity: 1,1,0\">\n                                                    <\/div>\n\n                    <\/div>\n\n                <\/div>\n            <\/div>\n        <\/div>\n\n                    <\/div>\n            <div class=\"bdt-width-1-1 bdt-width-1-2@s bdt-match-height\">\n                <div class=\"bdt-position-relative bdt-slide-overlay\" data-reveal=\"reveal-active\">\n                    \n                        <img fetchpriority=\"high\" decoding=\"async\" width=\"1115\" height=\"782\" src=\"https:\/\/forohumanitariocolombia.org\/wp-content\/uploads\/2023\/03\/Balance_Acceso_OCHA_2022.png\" class=\"attachment-full size-full\" alt=\"Balance Acceso Humanitario\" srcset=\"https:\/\/forohumanitariocolombia.org\/wp-content\/uploads\/2023\/03\/Balance_Acceso_OCHA_2022.png 1115w, https:\/\/forohumanitariocolombia.org\/wp-content\/uploads\/2023\/03\/Balance_Acceso_OCHA_2022-300x210.png 300w, https:\/\/forohumanitariocolombia.org\/wp-content\/uploads\/2023\/03\/Balance_Acceso_OCHA_2022-1024x718.png 1024w, https:\/\/forohumanitariocolombia.org\/wp-content\/uploads\/2023\/03\/Balance_Acceso_OCHA_2022-768x539.png 768w, https:\/\/forohumanitariocolombia.org\/wp-content\/uploads\/2023\/03\/Balance_Acceso_OCHA_2022-18x12.png 18w\" sizes=\"(max-width: 1115px) 100vw, 1115px\" \/>\n                        \n                                    <\/div>\n            <\/div>\n                    <\/li>\n\n\t             \n        <li class=\"bdt-slideshow-item bdt-flex bdt-flex-column bdt-flex-middle elementor-repeater-item-9c5e750 \">\n            <div class=\"bdt-width-1-1 bdt-width-1-2@s\">\n                        <div class=\"bdt-slideshow-content-wrapper\">\n            <div class=\"bdt-prime-slider-wrapper\">\n                <div class=\"bdt-prime-slider-content\">\n                    <div class=\"bdt-prime-slider-desc\">\n\n                        \n                                                    <div class=\"bdt-main-title\">\n                                <h1 class=\"bdt-title-tag\" data-reveal=\"reveal-active\" data-bdt-slideshow-parallax=\"y: 50,0,-50; opacity: 1,1,0\">\n                                                                            <a href=\"https:\/\/forohumanitariocolombia.org\/es_es\/blog\/mapa-cualitativo-de-acceso-humanitario\/\">\n                                                                                <span class=\"frist-word\">Mapa<\/span> cualitativo barreras de acceso humanitario                                                                                <\/a>\n                                                                    <\/h1>\n                            <\/div>\n                        \n                                                    <div class=\"bdt-slider-excerpt\" data-reveal=\"reveal-active\" data-bdt-slideshow-parallax=\"y: 100,0,-80; opacity: 1,1,0\">\n                                <p>Este mapa resulta de las barreras experimentadas o conocidas por las organizaciones humanitarias entre noviembre de 2022 y febrero de 2023.<\/p>                            <\/div>\n                        \n                        <div class=\"bdt-isolate-btn\" data-reveal=\"reveal-active\" data-bdt-slideshow-parallax=\"y: 150,0,-100; opacity: 1,1,0\">\n                                                    <\/div>\n\n                    <\/div>\n\n                <\/div>\n            <\/div>\n        <\/div>\n\n                    <\/div>\n            <div class=\"bdt-width-1-1 bdt-width-1-2@s bdt-match-height\">\n                <div class=\"bdt-position-relative bdt-slide-overlay\" data-reveal=\"reveal-active\">\n                    \n                        <img decoding=\"async\" width=\"2550\" height=\"3300\" src=\"https:\/\/forohumanitariocolombia.org\/wp-content\/uploads\/2023\/03\/Mapa_Barreras_Org_Hum_Carta-1.png\" class=\"attachment-full size-full\" alt=\"Mapa cualitativo barreras de acceso humanitario\" srcset=\"https:\/\/forohumanitariocolombia.org\/wp-content\/uploads\/2023\/03\/Mapa_Barreras_Org_Hum_Carta-1.png 2550w, https:\/\/forohumanitariocolombia.org\/wp-content\/uploads\/2023\/03\/Mapa_Barreras_Org_Hum_Carta-1-232x300.png 232w, https:\/\/forohumanitariocolombia.org\/wp-content\/uploads\/2023\/03\/Mapa_Barreras_Org_Hum_Carta-1-791x1024.png 791w, https:\/\/forohumanitariocolombia.org\/wp-content\/uploads\/2023\/03\/Mapa_Barreras_Org_Hum_Carta-1-768x994.png 768w, https:\/\/forohumanitariocolombia.org\/wp-content\/uploads\/2023\/03\/Mapa_Barreras_Org_Hum_Carta-1-1187x1536.png 1187w, https:\/\/forohumanitariocolombia.org\/wp-content\/uploads\/2023\/03\/Mapa_Barreras_Org_Hum_Carta-1-1583x2048.png 1583w, https:\/\/forohumanitariocolombia.org\/wp-content\/uploads\/2023\/03\/Mapa_Barreras_Org_Hum_Carta-1-9x12.png 9w\" sizes=\"(max-width: 2550px) 100vw, 2550px\" \/>\n                        \n                                    <\/div>\n            <\/div>\n                    <\/li>\n\n\t             \n        <li class=\"bdt-slideshow-item bdt-flex bdt-flex-column bdt-flex-middle elementor-repeater-item-e93865a \">\n            <div class=\"bdt-width-1-1 bdt-width-1-2@s\">\n                        <div class=\"bdt-slideshow-content-wrapper\">\n            <div class=\"bdt-prime-slider-wrapper\">\n                <div class=\"bdt-prime-slider-content\">\n                    <div class=\"bdt-prime-slider-desc\">\n\n                        \n                                                    <div class=\"bdt-main-title\">\n                                <h1 class=\"bdt-title-tag\" data-reveal=\"reveal-active\" data-bdt-slideshow-parallax=\"y: 50,0,-50; opacity: 1,1,0\">\n                                                                            <a href=\"https:\/\/forohumanitariocolombia.org\/es_es\/mapas-acceso-humanitario\/\">\n                                                                                <span class=\"frist-word\">Mapas<\/span> de contexto de acceso humanitario                                                                                <\/a>\n                                                                    <\/h1>\n                            <\/div>\n                        \n                                                    <div class=\"bdt-slider-excerpt\" data-reveal=\"reveal-active\" data-bdt-slideshow-parallax=\"y: 100,0,-80; opacity: 1,1,0\">\n                                <p>Estos mapas presentan el contexto entre 2021 y 2022 (jun.) para el acceso humanitario en Colombia.<\/p>                            <\/div>\n                        \n                        <div class=\"bdt-isolate-btn\" data-reveal=\"reveal-active\" data-bdt-slideshow-parallax=\"y: 150,0,-100; opacity: 1,1,0\">\n                                                    <\/div>\n\n                    <\/div>\n\n                <\/div>\n            <\/div>\n        <\/div>\n\n                    <\/div>\n            <div class=\"bdt-width-1-1 bdt-width-1-2@s bdt-match-height\">\n                <div class=\"bdt-position-relative bdt-slide-overlay\" data-reveal=\"reveal-active\">\n                    \n                        <img decoding=\"async\" width=\"923\" height=\"430\" src=\"https:\/\/forohumanitariocolombia.org\/wp-content\/uploads\/2023\/03\/image-18.png\" class=\"attachment-full size-full\" alt=\"Mapas de contexto de acceso humanitario\" srcset=\"https:\/\/forohumanitariocolombia.org\/wp-content\/uploads\/2023\/03\/image-18.png 923w, https:\/\/forohumanitariocolombia.org\/wp-content\/uploads\/2023\/03\/image-18-300x140.png 300w, https:\/\/forohumanitariocolombia.org\/wp-content\/uploads\/2023\/03\/image-18-768x358.png 768w, https:\/\/forohumanitariocolombia.org\/wp-content\/uploads\/2023\/03\/image-18-18x8.png 18w\" sizes=\"(max-width: 923px) 100vw, 923px\" \/>\n                        \n                                    <\/div>\n            <\/div>\n                    <\/li>\n\n\t             \n        <li class=\"bdt-slideshow-item bdt-flex bdt-flex-column bdt-flex-middle elementor-repeater-item-471292e \">\n            <div class=\"bdt-width-1-1 bdt-width-1-2@s\">\n                        <div class=\"bdt-slideshow-content-wrapper\">\n            <div class=\"bdt-prime-slider-wrapper\">\n                <div class=\"bdt-prime-slider-content\">\n                    <div class=\"bdt-prime-slider-desc\">\n\n                        \n                                                    <div class=\"bdt-main-title\">\n                                <h1 class=\"bdt-title-tag\" data-reveal=\"reveal-active\" data-bdt-slideshow-parallax=\"y: 50,0,-50; opacity: 1,1,0\">\n                                                                            <a href=\"https:\/\/forohumanitariocolombia.org\/wp-content\/uploads\/2023\/03\/Snapshot-IncidentesAcceso2022.pdf\">\n                                                                                <span class=\"frist-word\">Snapshot<\/span> de acceso humanitario - Foro ONG Humanitarias 2022                                                                                <\/a>\n                                                                    <\/h1>\n                            <\/div>\n                        \n                                                    <div class=\"bdt-slider-excerpt\" data-reveal=\"reveal-active\" data-bdt-slideshow-parallax=\"y: 100,0,-80; opacity: 1,1,0\">\n                                <p>Este Snapshot resume la situaci\u00f3n de acceso humanitario en la que operaron las organizaciones humanitarias en Colombia durante 2022.<\/p>                            <\/div>\n                        \n                        <div class=\"bdt-isolate-btn\" data-reveal=\"reveal-active\" data-bdt-slideshow-parallax=\"y: 150,0,-100; opacity: 1,1,0\">\n                                                    <\/div>\n\n                    <\/div>\n\n                <\/div>\n            <\/div>\n        <\/div>\n\n                    <\/div>\n            <div class=\"bdt-width-1-1 bdt-width-1-2@s bdt-match-height\">\n                <div class=\"bdt-position-relative bdt-slide-overlay\" data-reveal=\"reveal-active\">\n                    \n                        <img loading=\"lazy\" decoding=\"async\" width=\"592\" height=\"485\" src=\"https:\/\/forohumanitariocolombia.org\/wp-content\/uploads\/2023\/03\/Sanpshot_2022.png\" class=\"attachment-full size-full\" alt=\"Snapshot de acceso humanitario - Foro ONG Humanitarias 2022\" srcset=\"https:\/\/forohumanitariocolombia.org\/wp-content\/uploads\/2023\/03\/Sanpshot_2022.png 592w, https:\/\/forohumanitariocolombia.org\/wp-content\/uploads\/2023\/03\/Sanpshot_2022-300x246.png 300w, https:\/\/forohumanitariocolombia.org\/wp-content\/uploads\/2023\/03\/Sanpshot_2022-15x12.png 15w\" sizes=\"(max-width: 592px) 100vw, 592px\" \/>\n                        \n                                    <\/div>\n            <\/div>\n                    <\/li>\n\n\t             \n        <li class=\"bdt-slideshow-item bdt-flex bdt-flex-column bdt-flex-middle elementor-repeater-item-a0105dd \">\n            <div class=\"bdt-width-1-1 bdt-width-1-2@s\">\n                        <div class=\"bdt-slideshow-content-wrapper\">\n            <div class=\"bdt-prime-slider-wrapper\">\n                <div class=\"bdt-prime-slider-content\">\n                    <div class=\"bdt-prime-slider-desc\">\n\n                        \n                                                    <div class=\"bdt-main-title\">\n                                <h1 class=\"bdt-title-tag\" data-reveal=\"reveal-active\" data-bdt-slideshow-parallax=\"y: 50,0,-50; opacity: 1,1,0\">\n                                                                            <a href=\"https:\/\/humanitarianaccess.acaps.org\/\">\n                                                                                <span class=\"frist-word\">Panorama<\/span> Global de Acceso                                                                                 <\/a>\n                                                                    <\/h1>\n                            <\/div>\n                        \n                                                    <div class=\"bdt-slider-excerpt\" data-reveal=\"reveal-active\" data-bdt-slideshow-parallax=\"y: 100,0,-80; opacity: 1,1,0\">\n                                <p>Presenta la informaci\u00f3n de los contextos m\u00e1s complejos a nivel global para el acceso humanitario.<\/p>                            <\/div>\n                        \n                        <div class=\"bdt-isolate-btn\" data-reveal=\"reveal-active\" data-bdt-slideshow-parallax=\"y: 150,0,-100; opacity: 1,1,0\">\n                                                    <\/div>\n\n                    <\/div>\n\n                <\/div>\n            <\/div>\n        <\/div>\n\n                    <\/div>\n            <div class=\"bdt-width-1-1 bdt-width-1-2@s bdt-match-height\">\n                <div class=\"bdt-position-relative bdt-slide-overlay\" data-reveal=\"reveal-active\">\n                    \n                        <img loading=\"lazy\" decoding=\"async\" width=\"1542\" height=\"807\" src=\"https:\/\/forohumanitariocolombia.org\/wp-content\/uploads\/2023\/03\/Captura-de-pantalla-2023-03-29-174034.png\" class=\"attachment-full size-full\" alt=\"Panorama Global de Acceso \" srcset=\"https:\/\/forohumanitariocolombia.org\/wp-content\/uploads\/2023\/03\/Captura-de-pantalla-2023-03-29-174034.png 1542w, https:\/\/forohumanitariocolombia.org\/wp-content\/uploads\/2023\/03\/Captura-de-pantalla-2023-03-29-174034-300x157.png 300w, https:\/\/forohumanitariocolombia.org\/wp-content\/uploads\/2023\/03\/Captura-de-pantalla-2023-03-29-174034-1024x536.png 1024w, https:\/\/forohumanitariocolombia.org\/wp-content\/uploads\/2023\/03\/Captura-de-pantalla-2023-03-29-174034-768x402.png 768w, https:\/\/forohumanitariocolombia.org\/wp-content\/uploads\/2023\/03\/Captura-de-pantalla-2023-03-29-174034-1536x804.png 1536w, https:\/\/forohumanitariocolombia.org\/wp-content\/uploads\/2023\/03\/Captura-de-pantalla-2023-03-29-174034-18x9.png 18w\" sizes=\"(max-width: 1542px) 100vw, 1542px\" \/>\n                        \n                                    <\/div>\n            <\/div>\n                    <\/li>\n\n\t    \n\t\t\t\t\t<\/ul>\n\n\t\t\t\t\t\n                            <div class=\"bdt-flex bdt-flex-column bdt-navigation-arrows reveal-muted\">\n                    <div class=\"bdt-width-expand@s\">\n                    <\/div>\n                    <div class=\"bdt-width-1-1 bdt-width-1-2@s\">\n                        <a class=\"bdt-prime-slider-previous\" href=\"#\" bdt-slideshow-item=\"previous\"><i class=\"ps-wi-arrow-left-5\"><\/i><\/a>\n\n                        <a class=\"bdt-prime-slider-next\" href=\"#\" bdt-slideshow-item=\"next\"><i class=\"ps-wi-arrow-right-5\"><\/i><\/a>\n                    <\/div>\n                <\/div>\n\n\n            \n        \t\t\t\t\t\n            \n                <ul class=\"bdt-slideshow-nav bdt-dotnav bdt-dotnav-vertical bdt-margin-medium-right bdt-position-center-right reveal-muted\"><\/ul>\n\n            \n        \n\t\t\t\t<\/div>\n\t\t\t\t\t\t\t<div class=\"bdt-scroll-down-wrapper\">\n\t\t\t\t<span class=\"bdt-scroll-down reveal-muted\" data-settings=\"[]\" data-selector=\"#my-header\">\n\t\t\t\t\t\t\t\t<span bdt-scrollspy=\"cls: bdt-animation-slide-right; repeat: true\" class=\"bdt-scroll-down-content-wrapper\">\n\t\t\t\t<span class=\"bdt-scroll-icon\">\n\t\t\t\t\t<span class=\"ps-wi-arrow-down-4\"><\/span>\n\t\t\t\t<\/span>\n\t\t\t<\/span>\n\t\t\t\t\t\t<\/span>\n\t\t\t<\/div>\n\n\t\t\t\t\t<\/div>\n\t\t\t<\/div>\n\t\t\t\t<\/div>\n\t\t\t\t<\/div>\n\t\t\t\t<div class=\"elementor-element elementor-element-8046d19 elementor-widget elementor-widget-spacer\" data-id=\"8046d19\" data-element_type=\"widget\" data-widget_type=\"spacer.default\">\n\t\t\t\t<div class=\"elementor-widget-container\">\n\t\t\t\t\t<div class=\"elementor-spacer\">\n\t\t\t<div class=\"elementor-spacer-inner\"><\/div>\n\t\t<\/div>\n\t\t\t\t<\/div>\n\t\t\t\t<\/div>\n\t\t\t\t\t<\/div>\n\t\t<\/div>\n\t\t\t\t\t<\/div>\n\t\t<\/section>\n\t\t\t\t<\/div>\n\t\t","protected":false},"excerpt":{"rendered":"<p>Recursos colaborativos sobre acceso humanitario Esta p\u00e1gina contiene los recursos colaborativos de las organizaciones del Foro de Organizaciones Humanitarias, en relaci\u00f3n con barreras de acceso humanitario. Los recursos disponibles, son para el uso en acciones de comunicaci\u00f3n e incidencia, para abrir el espacio humanitario y hacer visible las complejas condiciones en las que operan las&hellip;<\/p>\n","protected":false},"author":2,"featured_media":0,"parent":9,"menu_order":2,"comment_status":"closed","ping_status":"closed","template":"","meta":{"_monsterinsights_skip_tracking":false,"_monsterinsights_sitenote_active":false,"_monsterinsights_sitenote_note":"","_monsterinsights_sitenote_category":0},"class_list":["post-3223","page","type-page","status-publish","hentry","description-off"],"aioseo_notices":[],"_links":{"self":[{"href":"https:\/\/forohumanitariocolombia.org\/es_es\/wp-json\/wp\/v2\/pages\/3223","targetHints":{"allow":["GET"]}}],"collection":[{"href":"https:\/\/forohumanitariocolombia.org\/es_es\/wp-json\/wp\/v2\/pages"}],"about":[{"href":"https:\/\/forohumanitariocolombia.org\/es_es\/wp-json\/wp\/v2\/types\/page"}],"author":[{"embeddable":true,"href":"https:\/\/forohumanitariocolombia.org\/es_es\/wp-json\/wp\/v2\/users\/2"}],"replies":[{"embeddable":true,"href":"https:\/\/forohumanitariocolombia.org\/es_es\/wp-json\/wp\/v2\/comments?post=3223"}],"version-history":[{"count":0,"href":"https:\/\/forohumanitariocolombia.org\/es_es\/wp-json\/wp\/v2\/pages\/3223\/revisions"}],"up":[{"embeddable":true,"href":"https:\/\/forohumanitariocolombia.org\/es_es\/wp-json\/wp\/v2\/pages\/9"}],"wp:attachment":[{"href":"https:\/\/forohumanitariocolombia.org\/es_es\/wp-json\/wp\/v2\/media?parent=3223"}],"curies":[{"name":"wp","href":"https:\/\/api.w.org\/{rel}","templated":true}]}}